{"id":330264,"date":"2025-05-03T10:34:45","date_gmt":"2025-05-03T13:34:45","guid":{"rendered":"https:\/\/www.livrariarema.com.br\/loja\/produtos\/sem categoria\/caderno-colegial-160-folhas-fina-ideia-quadrinhos-10-materias\/"},"modified":"2025-05-05T14:13:18","modified_gmt":"2025-05-05T17:13:18","slug":"caderno-colegial-160-folhas-fina-ideia-quadrinhos-10-materias","status":"publish","type":"product","link":"https:\/\/www.livrariarema.com.br\/loja\/produtos\/papelaria\/caderno\/caderno-colegial-160-folhas-fina-ideia-quadrinhos-10-materias\/","title":{"rendered":"Caderno Colegial 160 Folhas &#8211; Fina Ideia &#8211; Quadrinhos &#8211; 10 Mat\u00e9rias"},"content":{"rendered":"<p>Um caderno parceiro de jornada, registros de aprendizagem e conhecimento. As 10 divis\u00f3rias em papel mais resistente s\u00e3o remov\u00edveis e permitem que voc\u00ea separe as folhas do caderno conforme a sua necessidade de conte\u00fado.<\/p>\n","protected":false},"excerpt":{"rendered":"<p>Um caderno parceiro de jornada, registros de aprendizagem e conhecimento. As 10 divis\u00f3rias em papel mais resistente s\u00e3o remov\u00edveis e&hellip;<\/p>\n","protected":false},"featured_media":330528,"comment_status":"open","ping_status":"closed","template":"","meta":[],"product_cat":[230,215],"product_tag":[],"_links":{"self":[{"href":"https:\/\/www.livrariarema.com.br\/loja\/wp-json\/wp\/v2\/product\/330264"}],"collection":[{"href":"https:\/\/www.livrariarema.com.br\/loja\/wp-json\/wp\/v2\/product"}],"about":[{"href":"https:\/\/www.livrariarema.com.br\/loja\/wp-json\/wp\/v2\/types\/product"}],"replies":[{"embeddable":true,"href":"https:\/\/www.livrariarema.com.br\/loja\/wp-json\/wp\/v2\/comments?post=330264"}],"wp:featuredmedia":[{"embeddable":true,"href":"https:\/\/www.livrariarema.com.br\/loja\/wp-json\/wp\/v2\/media\/330528"}],"wp:attachment":[{"href":"https:\/\/www.livrariarema.com.br\/loja\/wp-json\/wp\/v2\/media?parent=330264"}],"wp:term":[{"taxonomy":"product_cat","embeddable":true,"href":"https:\/\/www.livrariarema.com.br\/loja\/wp-json\/wp\/v2\/product_cat?post=330264"},{"taxonomy":"product_tag","embeddable":true,"href":"https:\/\/www.livrariarema.com.br\/loja\/wp-json\/wp\/v2\/product_tag?post=330264"}],"curies":[{"name":"wp","href":"https:\/\/api.w.org\/{rel}","templated":true}]}}