{"id":330270,"date":"2025-05-03T10:35:04","date_gmt":"2025-05-03T13:35:04","guid":{"rendered":"https:\/\/www.livrariarema.com.br\/loja\/produtos\/sem categoria\/caderno-colegial-folhas-removiveis-80-folhas-fina-ideia-flores-para-voce-ondas\/"},"modified":"2025-05-05T14:15:20","modified_gmt":"2025-05-05T17:15:20","slug":"caderno-colegial-folhas-removiveis-80-folhas-fina-ideia-flores-para-voce-ondas","status":"publish","type":"product","link":"https:\/\/www.livrariarema.com.br\/loja\/produtos\/papelaria\/caderno\/caderno-colegial-folhas-removiveis-80-folhas-fina-ideia-flores-para-voce-ondas\/","title":{"rendered":"Caderno Colegial Folhas Remov\u00edveis &#8211; 80 Folhas &#8211; Fina Ideia &#8211; Flores Para Voc\u00ea &#8211; Ondas"},"content":{"rendered":"<p>Capa dura, miolo pautado com 80 folhas remov\u00edveis e reposicion\u00e1veis, formato 16,5 cm x 23,2 cm, em papel offset 90 g\/m2 (a tinta das canetas n\u00e3o passa para o outro lado), 6 divis\u00f3rias remov\u00edveis e reposicion\u00e1veis coloridas em papel kraft, encaderna\u00e7\u00e3o wire-o e el\u00e1stico para fechamento. Acompanha envelope resistente para documentos e folha de adesivos.<\/p>\n","protected":false},"excerpt":{"rendered":"<p>Capa dura, miolo pautado com 80 folhas remov\u00edveis e reposicion\u00e1veis, formato 16,5 cm x 23,2 cm, em papel offset 90&hellip;<\/p>\n","protected":false},"featured_media":330534,"comment_status":"open","ping_status":"closed","template":"","meta":[],"product_cat":[230,215],"product_tag":[],"_links":{"self":[{"href":"https:\/\/www.livrariarema.com.br\/loja\/wp-json\/wp\/v2\/product\/330270"}],"collection":[{"href":"https:\/\/www.livrariarema.com.br\/loja\/wp-json\/wp\/v2\/product"}],"about":[{"href":"https:\/\/www.livrariarema.com.br\/loja\/wp-json\/wp\/v2\/types\/product"}],"replies":[{"embeddable":true,"href":"https:\/\/www.livrariarema.com.br\/loja\/wp-json\/wp\/v2\/comments?post=330270"}],"wp:featuredmedia":[{"embeddable":true,"href":"https:\/\/www.livrariarema.com.br\/loja\/wp-json\/wp\/v2\/media\/330534"}],"wp:attachment":[{"href":"https:\/\/www.livrariarema.com.br\/loja\/wp-json\/wp\/v2\/media?parent=330270"}],"wp:term":[{"taxonomy":"product_cat","embeddable":true,"href":"https:\/\/www.livrariarema.com.br\/loja\/wp-json\/wp\/v2\/product_cat?post=330270"},{"taxonomy":"product_tag","embeddable":true,"href":"https:\/\/www.livrariarema.com.br\/loja\/wp-json\/wp\/v2\/product_tag?post=330270"}],"curies":[{"name":"wp","href":"https:\/\/api.w.org\/{rel}","templated":true}]}}