{"id":330319,"date":"2025-05-03T10:44:03","date_gmt":"2025-05-03T13:44:03","guid":{"rendered":"https:\/\/www.livrariarema.com.br\/loja\/produtos\/sem categoria\/diario-da-gratidao-seja-fina-ideia\/"},"modified":"2025-12-20T13:40:56","modified_gmt":"2025-12-20T16:40:56","slug":"diario-da-gratidao-seja-fina-ideia","status":"publish","type":"product","link":"https:\/\/www.livrariarema.com.br\/loja\/produtos\/papelaria-crista\/diario-papelaria-crista\/diario-da-gratidao-seja-fina-ideia\/","title":{"rendered":"Diario Da Gratid\u00e3o &#8211; Seja + Fina Ideia"},"content":{"rendered":"<p>Dia ap\u00f3s dia, este di\u00e1rio oferece a chance de registrar, reconhecer e valorizar as d\u00e1divas que a vida nos oferece e encontrar alegria, satisfa\u00e7\u00e3o, contentamento, aceita\u00e7\u00e3o e paz interior.<br \/><Br><\/p>\n<p>Capa dura, miolo pautado e decorado com 80 folhas em papel offset 90 g (voc\u00ea pode usar canetas coloridas que n\u00e3o passam para o outro lado), formato 11,8 cm \u00d7 17,5 cm, encaderna\u00e7\u00e3o em wire-o.<\/p>\n","protected":false},"excerpt":{"rendered":"<p>Dia ap\u00f3s dia, este di\u00e1rio oferece a chance de registrar, reconhecer e valorizar as d\u00e1divas que a vida nos oferece&hellip;<\/p>\n","protected":false},"featured_media":340822,"comment_status":"open","ping_status":"closed","template":"","meta":[],"product_cat":[336,322],"product_tag":[],"_links":{"self":[{"href":"https:\/\/www.livrariarema.com.br\/loja\/wp-json\/wp\/v2\/product\/330319"}],"collection":[{"href":"https:\/\/www.livrariarema.com.br\/loja\/wp-json\/wp\/v2\/product"}],"about":[{"href":"https:\/\/www.livrariarema.com.br\/loja\/wp-json\/wp\/v2\/types\/product"}],"replies":[{"embeddable":true,"href":"https:\/\/www.livrariarema.com.br\/loja\/wp-json\/wp\/v2\/comments?post=330319"}],"wp:featuredmedia":[{"embeddable":true,"href":"https:\/\/www.livrariarema.com.br\/loja\/wp-json\/wp\/v2\/media\/340822"}],"wp:attachment":[{"href":"https:\/\/www.livrariarema.com.br\/loja\/wp-json\/wp\/v2\/media?parent=330319"}],"wp:term":[{"taxonomy":"product_cat","embeddable":true,"href":"https:\/\/www.livrariarema.com.br\/loja\/wp-json\/wp\/v2\/product_cat?post=330319"},{"taxonomy":"product_tag","embeddable":true,"href":"https:\/\/www.livrariarema.com.br\/loja\/wp-json\/wp\/v2\/product_tag?post=330319"}],"curies":[{"name":"wp","href":"https:\/\/api.w.org\/{rel}","templated":true}]}}