{"id":330364,"date":"2025-05-03T10:52:14","date_gmt":"2025-05-03T13:52:14","guid":{"rendered":"https:\/\/www.livrariarema.com.br\/loja\/produtos\/sem categoria\/quebra-cabeca-com-pinos-mdf-animais-aquaticos\/"},"modified":"2026-01-07T12:50:28","modified_gmt":"2026-01-07T15:50:28","slug":"quebra-cabeca-com-pinos-mdf-animais-aquaticos","status":"publish","type":"product","link":"https:\/\/www.livrariarema.com.br\/loja\/produtos\/brinquedos\/brinquedos-educativos\/quebra-cabeca-com-pinos-mdf-animais-aquaticos\/","title":{"rendered":"Quebra-Cabe\u00e7a Com Pinos &#8211; Mdf &#8211; Animais Aquaticos"},"content":{"rendered":"<p>Nesta placa voc\u00ea vai encontrar animais aqu\u00e1ticos que s\u00e3o encaixados de acordo com o seu formato. Os pinos permitem o manuseio pelas crian\u00e7as menores. Atrav\u00e9s deste brinquedo \u00e9 poss\u00edvel despertar a curiosidade em rela\u00e7\u00e3o \u00e0 vida destes animais, assim como a import\u00e2ncia da sua preserva\u00e7\u00e3o.<\/p>\n","protected":false},"excerpt":{"rendered":"<p>Nesta placa voc\u00ea vai encontrar animais aqu\u00e1ticos que s\u00e3o encaixados de acordo com o seu formato. Os pinos permitem o&hellip;<\/p>\n","protected":false},"featured_media":330363,"comment_status":"open","ping_status":"closed","template":"","meta":[],"product_cat":[315,319],"product_tag":[],"_links":{"self":[{"href":"https:\/\/www.livrariarema.com.br\/loja\/wp-json\/wp\/v2\/product\/330364"}],"collection":[{"href":"https:\/\/www.livrariarema.com.br\/loja\/wp-json\/wp\/v2\/product"}],"about":[{"href":"https:\/\/www.livrariarema.com.br\/loja\/wp-json\/wp\/v2\/types\/product"}],"replies":[{"embeddable":true,"href":"https:\/\/www.livrariarema.com.br\/loja\/wp-json\/wp\/v2\/comments?post=330364"}],"wp:featuredmedia":[{"embeddable":true,"href":"https:\/\/www.livrariarema.com.br\/loja\/wp-json\/wp\/v2\/media\/330363"}],"wp:attachment":[{"href":"https:\/\/www.livrariarema.com.br\/loja\/wp-json\/wp\/v2\/media?parent=330364"}],"wp:term":[{"taxonomy":"product_cat","embeddable":true,"href":"https:\/\/www.livrariarema.com.br\/loja\/wp-json\/wp\/v2\/product_cat?post=330364"},{"taxonomy":"product_tag","embeddable":true,"href":"https:\/\/www.livrariarema.com.br\/loja\/wp-json\/wp\/v2\/product_tag?post=330364"}],"curies":[{"name":"wp","href":"https:\/\/api.w.org\/{rel}","templated":true}]}}