{"id":330392,"date":"2025-05-03T11:02:21","date_gmt":"2025-05-03T14:02:21","guid":{"rendered":"https:\/\/www.livrariarema.com.br\/loja\/produtos\/sem categoria\/biblia-kingstone-6-volumes\/"},"modified":"2025-05-03T11:02:21","modified_gmt":"2025-05-03T14:02:21","slug":"biblia-kingstone-6-volumes","status":"publish","type":"product","link":"https:\/\/www.livrariarema.com.br\/loja\/produtos\/livros\/manga-hq\/biblia-kingstone-6-volumes\/","title":{"rendered":"Biblia Kingstone &#8211; 6 Volumes"},"content":{"rendered":"<p>A B\u00edblia Kingstone \u00e9 a mais completa adapta\u00e7\u00e3o gr\u00e1fica da B\u00edblia j\u00e1 publicada. Em 6 volumes, a obra apresenta os 66 livros da B\u00edblia &#8211; de G\u00eanesis a Apocalipse &#8211; ilustrados em quadrinhos e em ordem cronol\u00f3gica. Coedi\u00e7\u00e3o entre Sociedade B\u00edblica do Brasil e Editora Lion, os volumes da B\u00edblia Kingstone v\u00eam acondicionados em um box.<\/p>\n","protected":false},"excerpt":{"rendered":"<p>A B\u00edblia Kingstone \u00e9 a mais completa adapta\u00e7\u00e3o gr\u00e1fica da B\u00edblia j\u00e1 publicada. Em 6 volumes, a obra apresenta os&hellip;<\/p>\n","protected":false},"featured_media":330391,"comment_status":"open","ping_status":"closed","template":"","meta":[],"product_cat":[134,189],"product_tag":[],"_links":{"self":[{"href":"https:\/\/www.livrariarema.com.br\/loja\/wp-json\/wp\/v2\/product\/330392"}],"collection":[{"href":"https:\/\/www.livrariarema.com.br\/loja\/wp-json\/wp\/v2\/product"}],"about":[{"href":"https:\/\/www.livrariarema.com.br\/loja\/wp-json\/wp\/v2\/types\/product"}],"replies":[{"embeddable":true,"href":"https:\/\/www.livrariarema.com.br\/loja\/wp-json\/wp\/v2\/comments?post=330392"}],"wp:featuredmedia":[{"embeddable":true,"href":"https:\/\/www.livrariarema.com.br\/loja\/wp-json\/wp\/v2\/media\/330391"}],"wp:attachment":[{"href":"https:\/\/www.livrariarema.com.br\/loja\/wp-json\/wp\/v2\/media?parent=330392"}],"wp:term":[{"taxonomy":"product_cat","embeddable":true,"href":"https:\/\/www.livrariarema.com.br\/loja\/wp-json\/wp\/v2\/product_cat?post=330392"},{"taxonomy":"product_tag","embeddable":true,"href":"https:\/\/www.livrariarema.com.br\/loja\/wp-json\/wp\/v2\/product_tag?post=330392"}],"curies":[{"name":"wp","href":"https:\/\/api.w.org\/{rel}","templated":true}]}}