{"id":330394,"date":"2025-05-03T11:50:58","date_gmt":"2025-05-03T14:50:58","guid":{"rendered":"https:\/\/www.livrariarema.com.br\/loja\/produtos\/sem categoria\/memoria-mdf-arca-de-noe-40-pecas\/"},"modified":"2025-06-12T10:21:23","modified_gmt":"2025-06-12T13:21:23","slug":"memoria-mdf-arca-de-noe-40-pecas","status":"publish","type":"product","link":"https:\/\/www.livrariarema.com.br\/loja\/produtos\/brinquedos\/jogos-de-memoria\/memoria-mdf-arca-de-noe-40-pecas\/","title":{"rendered":"Mem\u00f3ria &#8211; Mdf &#8211; Arca De No\u00e9 &#8211; 40 Pe\u00e7as"},"content":{"rendered":"<p>Vamos ajudar No\u00e9 a encontrar os casais de animais e coloc\u00e1-los dentro da Arca?<\/p>\n","protected":false},"excerpt":{"rendered":"<p>Vamos ajudar No\u00e9 a encontrar os casais de animais e coloc\u00e1-los dentro da Arca?<\/p>\n","protected":false},"featured_media":330393,"comment_status":"open","ping_status":"closed","template":"","meta":[],"product_cat":[315,320],"product_tag":[],"_links":{"self":[{"href":"https:\/\/www.livrariarema.com.br\/loja\/wp-json\/wp\/v2\/product\/330394"}],"collection":[{"href":"https:\/\/www.livrariarema.com.br\/loja\/wp-json\/wp\/v2\/product"}],"about":[{"href":"https:\/\/www.livrariarema.com.br\/loja\/wp-json\/wp\/v2\/types\/product"}],"replies":[{"embeddable":true,"href":"https:\/\/www.livrariarema.com.br\/loja\/wp-json\/wp\/v2\/comments?post=330394"}],"wp:featuredmedia":[{"embeddable":true,"href":"https:\/\/www.livrariarema.com.br\/loja\/wp-json\/wp\/v2\/media\/330393"}],"wp:attachment":[{"href":"https:\/\/www.livrariarema.com.br\/loja\/wp-json\/wp\/v2\/media?parent=330394"}],"wp:term":[{"taxonomy":"product_cat","embeddable":true,"href":"https:\/\/www.livrariarema.com.br\/loja\/wp-json\/wp\/v2\/product_cat?post=330394"},{"taxonomy":"product_tag","embeddable":true,"href":"https:\/\/www.livrariarema.com.br\/loja\/wp-json\/wp\/v2\/product_tag?post=330394"}],"curies":[{"name":"wp","href":"https:\/\/api.w.org\/{rel}","templated":true}]}}