{"id":330402,"date":"2025-05-03T11:51:19","date_gmt":"2025-05-03T14:51:19","guid":{"rendered":"https:\/\/www.livrariarema.com.br\/loja\/produtos\/sem categoria\/quebra-cabeca-mdf-conversao-de-paulo-12-pecas\/"},"modified":"2025-07-08T07:52:24","modified_gmt":"2025-07-08T10:52:24","slug":"quebra-cabeca-mdf-conversao-de-paulo-12-pecas","status":"publish","type":"product","link":"https:\/\/www.livrariarema.com.br\/loja\/produtos\/brinquedos\/quebra-cabecas\/quebra-cabeca-mdf-conversao-de-paulo-12-pecas\/","title":{"rendered":"Quebra-Cabe\u00e7a &#8211; Mdf &#8211; Convers\u00e3o De Paulo &#8211; 12 Pe\u00e7as"},"content":{"rendered":"<p>Este interessante jogo Quebra-Cabe\u00e7a al\u00e9m de trazer um interessante desafio de montagem, retrata o momento em que Saulo encontrou Jesus.<\/p>\n","protected":false},"excerpt":{"rendered":"<p>Este interessante jogo Quebra-Cabe\u00e7a al\u00e9m de trazer um interessante desafio de montagem, retrata o momento em que Saulo encontrou Jesus.<\/p>\n","protected":false},"featured_media":330970,"comment_status":"open","ping_status":"closed","template":"","meta":[],"product_cat":[315,321],"product_tag":[],"_links":{"self":[{"href":"https:\/\/www.livrariarema.com.br\/loja\/wp-json\/wp\/v2\/product\/330402"}],"collection":[{"href":"https:\/\/www.livrariarema.com.br\/loja\/wp-json\/wp\/v2\/product"}],"about":[{"href":"https:\/\/www.livrariarema.com.br\/loja\/wp-json\/wp\/v2\/types\/product"}],"replies":[{"embeddable":true,"href":"https:\/\/www.livrariarema.com.br\/loja\/wp-json\/wp\/v2\/comments?post=330402"}],"wp:featuredmedia":[{"embeddable":true,"href":"https:\/\/www.livrariarema.com.br\/loja\/wp-json\/wp\/v2\/media\/330970"}],"wp:attachment":[{"href":"https:\/\/www.livrariarema.com.br\/loja\/wp-json\/wp\/v2\/media?parent=330402"}],"wp:term":[{"taxonomy":"product_cat","embeddable":true,"href":"https:\/\/www.livrariarema.com.br\/loja\/wp-json\/wp\/v2\/product_cat?post=330402"},{"taxonomy":"product_tag","embeddable":true,"href":"https:\/\/www.livrariarema.com.br\/loja\/wp-json\/wp\/v2\/product_tag?post=330402"}],"curies":[{"name":"wp","href":"https:\/\/api.w.org\/{rel}","templated":true}]}}