{"id":330417,"date":"2025-05-03T11:52:00","date_gmt":"2025-05-03T14:52:00","guid":{"rendered":"https:\/\/www.livrariarema.com.br\/loja\/produtos\/sem categoria\/quebra-cabeca-mdf-super-elefante-6-pecas\/"},"modified":"2025-05-12T11:43:39","modified_gmt":"2025-05-12T14:43:39","slug":"quebra-cabeca-mdf-super-elefante-6-pecas","status":"publish","type":"product","link":"https:\/\/www.livrariarema.com.br\/loja\/produtos\/brinquedos\/quebra-cabecas\/quebra-cabeca-mdf-super-elefante-6-pecas\/","title":{"rendered":"Quebra-Cabe\u00e7a &#8211; Mdf &#8211; Super &#8211; Elefante &#8211; 6 Pe\u00e7as"},"content":{"rendered":"<p>Este quebra-cabe\u00e7a permite explorar a imagina\u00e7\u00e3o da crian\u00e7a atrav\u00e9s de suas cores e ilustra\u00e7\u00e3o. \u00c9 um jogo que desenvolve a percep\u00e7\u00e3o visual, coordena\u00e7\u00e3o motora, lateralidade e no\u00e7\u00e3o espacial.<\/p>\n","protected":false},"excerpt":{"rendered":"<p>Este quebra-cabe\u00e7a permite explorar a imagina\u00e7\u00e3o da crian\u00e7a atrav\u00e9s de suas cores e ilustra\u00e7\u00e3o. \u00c9 um jogo que desenvolve a&hellip;<\/p>\n","protected":false},"featured_media":330949,"comment_status":"open","ping_status":"closed","template":"","meta":[],"product_cat":[315,321],"product_tag":[],"_links":{"self":[{"href":"https:\/\/www.livrariarema.com.br\/loja\/wp-json\/wp\/v2\/product\/330417"}],"collection":[{"href":"https:\/\/www.livrariarema.com.br\/loja\/wp-json\/wp\/v2\/product"}],"about":[{"href":"https:\/\/www.livrariarema.com.br\/loja\/wp-json\/wp\/v2\/types\/product"}],"replies":[{"embeddable":true,"href":"https:\/\/www.livrariarema.com.br\/loja\/wp-json\/wp\/v2\/comments?post=330417"}],"wp:featuredmedia":[{"embeddable":true,"href":"https:\/\/www.livrariarema.com.br\/loja\/wp-json\/wp\/v2\/media\/330949"}],"wp:attachment":[{"href":"https:\/\/www.livrariarema.com.br\/loja\/wp-json\/wp\/v2\/media?parent=330417"}],"wp:term":[{"taxonomy":"product_cat","embeddable":true,"href":"https:\/\/www.livrariarema.com.br\/loja\/wp-json\/wp\/v2\/product_cat?post=330417"},{"taxonomy":"product_tag","embeddable":true,"href":"https:\/\/www.livrariarema.com.br\/loja\/wp-json\/wp\/v2\/product_tag?post=330417"}],"curies":[{"name":"wp","href":"https:\/\/api.w.org\/{rel}","templated":true}]}}