{"id":330423,"date":"2025-05-03T11:52:20","date_gmt":"2025-05-03T14:52:20","guid":{"rendered":"https:\/\/www.livrariarema.com.br\/loja\/produtos\/sem categoria\/desafio-das-cores-mdf-20-pecas\/"},"modified":"2025-09-12T16:50:51","modified_gmt":"2025-09-12T19:50:51","slug":"desafio-das-cores-mdf-20-pecas","status":"publish","type":"product","link":"https:\/\/www.livrariarema.com.br\/loja\/produtos\/brinquedos\/brinquedos-educativos\/desafio-das-cores-mdf-20-pecas\/","title":{"rendered":"Desafio Das Cores &#8211; Mdf &#8211; 20 Pe\u00e7as"},"content":{"rendered":"<p>Este intrigante jogo foi especialmente pensado para crian\u00e7as e adultos exercitarem seus c\u00e9rebros ao tentarem encontrar a solu\u00e7\u00e3o para montar o quebra-cabe\u00e7a.<\/p>\n","protected":false},"excerpt":{"rendered":"<p>Este intrigante jogo foi especialmente pensado para crian\u00e7as e adultos exercitarem seus c\u00e9rebros ao tentarem encontrar a solu\u00e7\u00e3o para montar&hellip;<\/p>\n","protected":false},"featured_media":330422,"comment_status":"open","ping_status":"closed","template":"","meta":[],"product_cat":[315,319],"product_tag":[],"_links":{"self":[{"href":"https:\/\/www.livrariarema.com.br\/loja\/wp-json\/wp\/v2\/product\/330423"}],"collection":[{"href":"https:\/\/www.livrariarema.com.br\/loja\/wp-json\/wp\/v2\/product"}],"about":[{"href":"https:\/\/www.livrariarema.com.br\/loja\/wp-json\/wp\/v2\/types\/product"}],"replies":[{"embeddable":true,"href":"https:\/\/www.livrariarema.com.br\/loja\/wp-json\/wp\/v2\/comments?post=330423"}],"wp:featuredmedia":[{"embeddable":true,"href":"https:\/\/www.livrariarema.com.br\/loja\/wp-json\/wp\/v2\/media\/330422"}],"wp:attachment":[{"href":"https:\/\/www.livrariarema.com.br\/loja\/wp-json\/wp\/v2\/media?parent=330423"}],"wp:term":[{"taxonomy":"product_cat","embeddable":true,"href":"https:\/\/www.livrariarema.com.br\/loja\/wp-json\/wp\/v2\/product_cat?post=330423"},{"taxonomy":"product_tag","embeddable":true,"href":"https:\/\/www.livrariarema.com.br\/loja\/wp-json\/wp\/v2\/product_tag?post=330423"}],"curies":[{"name":"wp","href":"https:\/\/api.w.org\/{rel}","templated":true}]}}