{"id":330593,"date":"2025-05-06T17:10:55","date_gmt":"2025-05-06T20:10:55","guid":{"rendered":"https:\/\/www.livrariarema.com.br\/loja\/produtos\/sem categoria\/biblia-leitura-perfeita-premier-collection-nvi-couro-legitimo-preta\/"},"modified":"2025-05-06T17:10:55","modified_gmt":"2025-05-06T20:10:55","slug":"biblia-leitura-perfeita-premier-collection-nvi-couro-legitimo-preta","status":"publish","type":"product","link":"https:\/\/www.livrariarema.com.br\/loja\/produtos\/biblias\/nvi\/biblia-leitura-perfeita-premier-collection-nvi-couro-legitimo-preta\/","title":{"rendered":"B\u00edblia Leitura Perfeita &#8211; Premier Collection &#8211; Nvi &#8211; Couro Leg\u00edtimo &#8211; Preta"},"content":{"rendered":"<p>DESFRUTE DE UMA B\u00cdBLIA COM O M\u00c1XIMO DE LUXO E DURABILIDADE<\/p>\n<p>As B\u00edblias Premier Collection foram confeccionadas para elevar a experi\u00eancia da leitura b\u00edblica atrav\u00e9s de acabamentos especiais e materiais nobres. A capa em couro leg\u00edtimo possui extrema maciez, um convite ao manuseio; cada p\u00e1gina, por sua gramatura superior combinada \u00e0 fonte Leitura Perfeita, proporciona uma experi\u00eancia elevada para conforto visual. Todas essas caracter\u00edsticas tornam as B\u00edblias dessa cole\u00e7\u00e3o um item essencial e um presente especial que durar\u00e1 de gera\u00e7\u00e3o em gera\u00e7\u00e3o.<\/p>\n<p>Caracter\u00edsticas:<br \/>\n&#8211; Texto revisado da Nova Vers\u00e3o Internacional (NVI23).<br \/>\n&#8211; Palavras de Jesus em azul.<br \/>\n&#8211; Texto em duas colunas.<br \/>\n&#8211; Milhares de refer\u00eancias cruzadas.<br \/>\n&#8211; Fonte Leitura Perfeita em letra grande, uma tipologia exclusiva Thomas Nelson que integra os melhores avan\u00e7os em tipografia de B\u00edblias modernas.<br \/>\n&#8211; Bordas estendidas de 12 cm para proteger as folhas.<br \/>\n&#8211; Formato que proporciona f\u00e1cil manuseio e praticidade.<br \/>\n&#8211; Miolo costurado.<br \/>\n&#8211; Doura\u00e7\u00e3o trilateral com cores sobrepostas (vermelho-dourado).<br \/>\n&#8211; Tr\u00eas fitilhos marcadores largos.<br \/>\n&#8211; Cuidadosamente embalada em caixa resistente de duas pe\u00e7as e envolvida em um elegante papel protetor.<\/p>\n","protected":false},"excerpt":{"rendered":"<p>DESFRUTE DE UMA B\u00cdBLIA COM O M\u00c1XIMO DE LUXO E DURABILIDADE As B\u00edblias Premier Collection foram confeccionadas para elevar a&hellip;<\/p>\n","protected":false},"featured_media":330592,"comment_status":"open","ping_status":"closed","template":"","meta":[],"product_cat":[139,166],"product_tag":[],"_links":{"self":[{"href":"https:\/\/www.livrariarema.com.br\/loja\/wp-json\/wp\/v2\/product\/330593"}],"collection":[{"href":"https:\/\/www.livrariarema.com.br\/loja\/wp-json\/wp\/v2\/product"}],"about":[{"href":"https:\/\/www.livrariarema.com.br\/loja\/wp-json\/wp\/v2\/types\/product"}],"replies":[{"embeddable":true,"href":"https:\/\/www.livrariarema.com.br\/loja\/wp-json\/wp\/v2\/comments?post=330593"}],"wp:featuredmedia":[{"embeddable":true,"href":"https:\/\/www.livrariarema.com.br\/loja\/wp-json\/wp\/v2\/media\/330592"}],"wp:attachment":[{"href":"https:\/\/www.livrariarema.com.br\/loja\/wp-json\/wp\/v2\/media?parent=330593"}],"wp:term":[{"taxonomy":"product_cat","embeddable":true,"href":"https:\/\/www.livrariarema.com.br\/loja\/wp-json\/wp\/v2\/product_cat?post=330593"},{"taxonomy":"product_tag","embeddable":true,"href":"https:\/\/www.livrariarema.com.br\/loja\/wp-json\/wp\/v2\/product_tag?post=330593"}],"curies":[{"name":"wp","href":"https:\/\/api.w.org\/{rel}","templated":true}]}}