{"id":330598,"date":"2025-05-06T17:11:39","date_gmt":"2025-05-06T20:11:39","guid":{"rendered":"https:\/\/www.livrariarema.com.br\/loja\/produtos\/sem categoria\/biblia-nvi-slim-pu-sobre-capa-dura-cereja-com-elastico\/"},"modified":"2026-01-07T15:30:33","modified_gmt":"2026-01-07T18:30:33","slug":"biblia-nvi-slim-pu-sobre-capa-dura-cereja-com-elastico","status":"publish","type":"product","link":"https:\/\/www.livrariarema.com.br\/loja\/produtos\/biblias\/nvi\/biblia-nvi-slim-pu-sobre-capa-dura-cereja-com-elastico\/","title":{"rendered":"B\u00edblia &#8211; Nvi &#8211; Slim &#8211; Pu Sobre Capa Dura &#8211; Cereja &#8211; Com El\u00e1stico"},"content":{"rendered":"<p>A B\u00edblia Sagrada Slim NVI, Luxo, PU sobre Capa Dura, Cereja, com el\u00e1stico combina os benef\u00edcios de uma B\u00edblia compacta com a qualidade Thomas Nelson Brasil. Com um design minimalista, perfeito para quem busca eleg\u00e2ncia e discri\u00e7\u00e3o. Esta B\u00edblia oferece uma leitura confort\u00e1vel, facilidade no manuseio, toque macio na capa e acabamento de luxo.<\/p>\n<p>Caracter\u00edsticas:<br \/>\nTexto na tradu\u00e7\u00e3o NVI (Nova Vers\u00e3o Internacional)<br \/>\nFechamento em el\u00e1stico<br \/>\nCouro-soft sobre capa dura<br \/>\nFitilho<\/p>\n","protected":false},"excerpt":{"rendered":"<p>A B\u00edblia Sagrada Slim NVI, Luxo, PU sobre Capa Dura, Cereja, com el\u00e1stico combina os benef\u00edcios de uma B\u00edblia compacta&hellip;<\/p>\n","protected":false},"featured_media":340080,"comment_status":"open","ping_status":"closed","template":"","meta":[],"product_cat":[139,166],"product_tag":[],"_links":{"self":[{"href":"https:\/\/www.livrariarema.com.br\/loja\/wp-json\/wp\/v2\/product\/330598"}],"collection":[{"href":"https:\/\/www.livrariarema.com.br\/loja\/wp-json\/wp\/v2\/product"}],"about":[{"href":"https:\/\/www.livrariarema.com.br\/loja\/wp-json\/wp\/v2\/types\/product"}],"replies":[{"embeddable":true,"href":"https:\/\/www.livrariarema.com.br\/loja\/wp-json\/wp\/v2\/comments?post=330598"}],"wp:featuredmedia":[{"embeddable":true,"href":"https:\/\/www.livrariarema.com.br\/loja\/wp-json\/wp\/v2\/media\/340080"}],"wp:attachment":[{"href":"https:\/\/www.livrariarema.com.br\/loja\/wp-json\/wp\/v2\/media?parent=330598"}],"wp:term":[{"taxonomy":"product_cat","embeddable":true,"href":"https:\/\/www.livrariarema.com.br\/loja\/wp-json\/wp\/v2\/product_cat?post=330598"},{"taxonomy":"product_tag","embeddable":true,"href":"https:\/\/www.livrariarema.com.br\/loja\/wp-json\/wp\/v2\/product_tag?post=330598"}],"curies":[{"name":"wp","href":"https:\/\/api.w.org\/{rel}","templated":true}]}}