{"id":330602,"date":"2025-05-06T17:12:06","date_gmt":"2025-05-06T20:12:06","guid":{"rendered":"https:\/\/www.livrariarema.com.br\/loja\/produtos\/sem categoria\/homem-e-a-mulher-segundo-paulo-o-cynthia-long-westfall\/"},"modified":"2025-09-08T10:22:30","modified_gmt":"2025-09-08T13:22:30","slug":"homem-e-a-mulher-segundo-paulo-o-cynthia-long-westfall","status":"publish","type":"product","link":"https:\/\/www.livrariarema.com.br\/loja\/produtos\/livros\/teologia\/homem-e-a-mulher-segundo-paulo-o-cynthia-long-westfall\/","title":{"rendered":"Homem E A Mulher Segundo Paulo, O &#8211; Cynthia Long Westfall"},"content":{"rendered":"<p>O que a teologia paulina diz a respeito do homem e da mulher?<\/p>\n<p>Nessa obra, Cynthia Long Westfall, respeitada especialista em Novo Testamento, oferece uma teologia paulina coerente acerca do papel do homem e da mulher na sociedade e na igreja. Westfall interpreta em conjunto passagens b\u00edblicas sobre a mulher e o homem e situa essas passagens no contexto do corpus paulino. <br \/>\nDepois de considerar os escritos paulinos, ela aborda as quest\u00f5es de maneira eficaz, e l\u00ea os textos levando em conta o que eles mesmos afirmam, al\u00e9m de considerar sua autoria, destinat\u00e1rios e circunst\u00e2ncias de composi\u00e7\u00e3o. Ela tamb\u00e9m extrai novos insights ao explicar as passagens no contexto da cultura greco-romana.<\/p>\n<p>O homem e a mulher segundo Paulo traz tamb\u00e9m novas perspectivas sobre a maioria dos textos controversos, oferecendo alternativas vi\u00e1veis para os problemas interpretativos mais conhecidos em certas passagens paulinas. A autora reenquadra as quest\u00f5es sociais de g\u00eanero de uma forma que estimula o pensamento, promove o debate e faz avan\u00e7ar o di\u00e1logo. \u00c0 medida que Westfall explora o valor do ensino de Paulo sobre ambos os g\u00eaneros, busca apoiar e equipar homens e mulheres para servirem com seus dons independentemente de status social, etnia ou g\u00eanero.<\/p>\n<p>Esse livro \u00e9 um chamado a todos os que estudam Paulo e as quest\u00f5es de g\u00eanero para que aprendam a distinguir entre suas hip\u00f3teses interpretativas e os pressupostos de que fazem uso para abordar os textos. Ser\u00e1 \u00fatil para estudiosos, professores e alunos do Novo Testamento em cursos sobre Paulo, e para pastores e l\u00edderes de igreja.<\/p>\n","protected":false},"excerpt":{"rendered":"<p>O que a teologia paulina diz a respeito do homem e da mulher? Nessa obra, Cynthia Long Westfall, respeitada especialista&hellip;<\/p>\n","protected":false},"featured_media":336320,"comment_status":"open","ping_status":"closed","template":"","meta":[],"product_cat":[134,136],"product_tag":[],"_links":{"self":[{"href":"https:\/\/www.livrariarema.com.br\/loja\/wp-json\/wp\/v2\/product\/330602"}],"collection":[{"href":"https:\/\/www.livrariarema.com.br\/loja\/wp-json\/wp\/v2\/product"}],"about":[{"href":"https:\/\/www.livrariarema.com.br\/loja\/wp-json\/wp\/v2\/types\/product"}],"replies":[{"embeddable":true,"href":"https:\/\/www.livrariarema.com.br\/loja\/wp-json\/wp\/v2\/comments?post=330602"}],"wp:featuredmedia":[{"embeddable":true,"href":"https:\/\/www.livrariarema.com.br\/loja\/wp-json\/wp\/v2\/media\/336320"}],"wp:attachment":[{"href":"https:\/\/www.livrariarema.com.br\/loja\/wp-json\/wp\/v2\/media?parent=330602"}],"wp:term":[{"taxonomy":"product_cat","embeddable":true,"href":"https:\/\/www.livrariarema.com.br\/loja\/wp-json\/wp\/v2\/product_cat?post=330602"},{"taxonomy":"product_tag","embeddable":true,"href":"https:\/\/www.livrariarema.com.br\/loja\/wp-json\/wp\/v2\/product_tag?post=330602"}],"curies":[{"name":"wp","href":"https:\/\/api.w.org\/{rel}","templated":true}]}}