{"id":330608,"date":"2025-05-06T17:13:03","date_gmt":"2025-05-06T20:13:03","guid":{"rendered":"https:\/\/www.livrariarema.com.br\/loja\/produtos\/sem categoria\/biblia-c-s-lewis-naa-couro-soft-verde-leitura-perfeita\/"},"modified":"2025-05-06T17:13:03","modified_gmt":"2025-05-06T20:13:03","slug":"biblia-c-s-lewis-naa-couro-soft-verde-leitura-perfeita","status":"publish","type":"product","link":"https:\/\/www.livrariarema.com.br\/loja\/produtos\/biblias\/estudo\/biblia-c-s-lewis-naa-couro-soft-verde-leitura-perfeita\/","title":{"rendered":"B\u00edblia C. S. Lewis &#8211; Naa &#8211; Couro-Soft Verde &#8211; Leitura Perfeita"},"content":{"rendered":"<p>A B\u00edblia C. S. Lewis fornece leituras dos c\u00e9lebres cl\u00e1ssicos espirituais de Lewis, incluindo Cristianismo puro e simples, Cartas de um diabo a seu aprendiz, O grande div\u00f3rcio, O problema da dor, Milagres, A anatomia de um luto, O peso da gl\u00f3ria e A aboli\u00e7\u00e3o do homem, bem como suas cartas e poesias.<\/p>\n<p>A leitura de trechos relevantes da obra de C. S. Lewis ao lado da B\u00edblia enriquecer\u00e1 a medita\u00e7\u00e3o di\u00e1ria do leitor nas Escrituras.<\/p>\n<p>&#8220;O que voc\u00ea tem em suas m\u00e3os \u00e9 o trabalho ass\u00edduo de muitos estudiosos que, com grande habilidade, reuniram centenas de coisas que Jack [C.S. Lewis] escreveu em suas Cr\u00f4nicas de N\u00e1rnia, em seus ensaios acad\u00eamicos, em suas obras de apolog\u00e9tica crist\u00e3 e at\u00e9 mesmo em suas cartas para amigos e estranhos, para nos mostrar como, atrav\u00e9s dos cami\u00adnhos tortuosos da vida e da literatura, todos eles levam de volta \u00e0 Fonte \u00danica e Verdadeira, a B\u00edblia&#8221; (do Pref\u00e1cio de Douglas Gresham).<\/p>\n","protected":false},"excerpt":{"rendered":"<p>A B\u00edblia C. S. Lewis fornece leituras dos c\u00e9lebres cl\u00e1ssicos espirituais de Lewis, incluindo Cristianismo puro e simples, Cartas de&hellip;<\/p>\n","protected":false},"featured_media":330607,"comment_status":"open","ping_status":"closed","template":"","meta":[],"product_cat":[139,140],"product_tag":[],"_links":{"self":[{"href":"https:\/\/www.livrariarema.com.br\/loja\/wp-json\/wp\/v2\/product\/330608"}],"collection":[{"href":"https:\/\/www.livrariarema.com.br\/loja\/wp-json\/wp\/v2\/product"}],"about":[{"href":"https:\/\/www.livrariarema.com.br\/loja\/wp-json\/wp\/v2\/types\/product"}],"replies":[{"embeddable":true,"href":"https:\/\/www.livrariarema.com.br\/loja\/wp-json\/wp\/v2\/comments?post=330608"}],"wp:featuredmedia":[{"embeddable":true,"href":"https:\/\/www.livrariarema.com.br\/loja\/wp-json\/wp\/v2\/media\/330607"}],"wp:attachment":[{"href":"https:\/\/www.livrariarema.com.br\/loja\/wp-json\/wp\/v2\/media?parent=330608"}],"wp:term":[{"taxonomy":"product_cat","embeddable":true,"href":"https:\/\/www.livrariarema.com.br\/loja\/wp-json\/wp\/v2\/product_cat?post=330608"},{"taxonomy":"product_tag","embeddable":true,"href":"https:\/\/www.livrariarema.com.br\/loja\/wp-json\/wp\/v2\/product_tag?post=330608"}],"curies":[{"name":"wp","href":"https:\/\/api.w.org\/{rel}","templated":true}]}}