{"id":330924,"date":"2025-05-12T11:42:13","date_gmt":"2025-05-12T14:42:13","guid":{"rendered":"https:\/\/www.livrariarema.com.br\/loja\/produtos\/sem categoria\/quebra-cabeca-pais-filhos-1000-pecas-torre-eiffel\/"},"modified":"2025-05-24T11:30:37","modified_gmt":"2025-05-24T14:30:37","slug":"quebra-cabeca-pais-filhos-1000-pecas-torre-eiffel","status":"publish","type":"product","link":"https:\/\/www.livrariarema.com.br\/loja\/produtos\/brinquedos\/quebra-cabecas\/quebra-cabeca-pais-filhos-1000-pecas-torre-eiffel\/","title":{"rendered":"Quebra-Cabe\u00e7a &#8211; Pais &amp; Filhos &#8211; 1000 Pe\u00e7as &#8211; Torre Eiffel"},"content":{"rendered":"<p>Quebra Cabe\u00e7a 1000 Pe\u00e7as Torre Eiffel Pais E Filhos Esse quebra-cabe\u00e7a traz uma linda imagem de Paris na Fran\u00e7a, capturando toda beleza da incr\u00edvel Torre Eiffel! Pelo seu tamanho e qualidade de imagem \u00e9 ideal para ser usado como parte da decora\u00e7\u00e3o! O quebra cabe\u00e7a tem 1000 pe\u00e7as, \u00e9 bem colorido e divertido de montar. Ao finalizar a montagem ele pode ser guardado em sua cole\u00e7\u00e3o ou ser usado para decorar sua parede com muito estilo! Leve para casa esse peda\u00e7o da hist\u00f3ria da Fran\u00e7a!<\/p>\n","protected":false},"excerpt":{"rendered":"<p>Quebra Cabe\u00e7a 1000 Pe\u00e7as Torre Eiffel Pais E Filhos Esse quebra-cabe\u00e7a traz uma linda imagem de Paris na Fran\u00e7a, capturando&hellip;<\/p>\n","protected":false},"featured_media":331000,"comment_status":"open","ping_status":"closed","template":"","meta":[],"product_cat":[315,321],"product_tag":[],"_links":{"self":[{"href":"https:\/\/www.livrariarema.com.br\/loja\/wp-json\/wp\/v2\/product\/330924"}],"collection":[{"href":"https:\/\/www.livrariarema.com.br\/loja\/wp-json\/wp\/v2\/product"}],"about":[{"href":"https:\/\/www.livrariarema.com.br\/loja\/wp-json\/wp\/v2\/types\/product"}],"replies":[{"embeddable":true,"href":"https:\/\/www.livrariarema.com.br\/loja\/wp-json\/wp\/v2\/comments?post=330924"}],"wp:featuredmedia":[{"embeddable":true,"href":"https:\/\/www.livrariarema.com.br\/loja\/wp-json\/wp\/v2\/media\/331000"}],"wp:attachment":[{"href":"https:\/\/www.livrariarema.com.br\/loja\/wp-json\/wp\/v2\/media?parent=330924"}],"wp:term":[{"taxonomy":"product_cat","embeddable":true,"href":"https:\/\/www.livrariarema.com.br\/loja\/wp-json\/wp\/v2\/product_cat?post=330924"},{"taxonomy":"product_tag","embeddable":true,"href":"https:\/\/www.livrariarema.com.br\/loja\/wp-json\/wp\/v2\/product_tag?post=330924"}],"curies":[{"name":"wp","href":"https:\/\/api.w.org\/{rel}","templated":true}]}}