{"id":330926,"date":"2025-05-12T11:42:18","date_gmt":"2025-05-12T14:42:18","guid":{"rendered":"https:\/\/www.livrariarema.com.br\/loja\/produtos\/sem categoria\/quebra-cabeca-mdf-arca-de-noe-9-pecas\/"},"modified":"2025-11-08T11:50:39","modified_gmt":"2025-11-08T14:50:39","slug":"quebra-cabeca-mdf-arca-de-noe-9-pecas","status":"publish","type":"product","link":"https:\/\/www.livrariarema.com.br\/loja\/produtos\/brinquedos\/quebra-cabecas\/quebra-cabeca-mdf-arca-de-noe-9-pecas\/","title":{"rendered":"Quebra-Cabe\u00e7a &#8211; Mdf &#8211; Arca De No\u00e9 &#8211; 9 Pe\u00e7as"},"content":{"rendered":"<p>As crian\u00e7as precisam se divertir e se desenvolver. E o quebra cabe\u00e7a \u00e9 uma excelente forma de estimular a concentra\u00e7\u00e3o e o racioc\u00ednio l\u00f3gico. <\/p>\n<p>Al\u00e9m disso, a hist\u00f3ria da Arca De No\u00e9 sempre encanta as crian\u00e7as, trazendo mais alegria para o momento de divers\u00e3o.<\/p>\n","protected":false},"excerpt":{"rendered":"<p>As crian\u00e7as precisam se divertir e se desenvolver. E o quebra cabe\u00e7a \u00e9 uma excelente forma de estimular a concentra\u00e7\u00e3o&hellip;<\/p>\n","protected":false},"featured_media":331001,"comment_status":"open","ping_status":"closed","template":"","meta":[],"product_cat":[315,321],"product_tag":[],"_links":{"self":[{"href":"https:\/\/www.livrariarema.com.br\/loja\/wp-json\/wp\/v2\/product\/330926"}],"collection":[{"href":"https:\/\/www.livrariarema.com.br\/loja\/wp-json\/wp\/v2\/product"}],"about":[{"href":"https:\/\/www.livrariarema.com.br\/loja\/wp-json\/wp\/v2\/types\/product"}],"replies":[{"embeddable":true,"href":"https:\/\/www.livrariarema.com.br\/loja\/wp-json\/wp\/v2\/comments?post=330926"}],"wp:featuredmedia":[{"embeddable":true,"href":"https:\/\/www.livrariarema.com.br\/loja\/wp-json\/wp\/v2\/media\/331001"}],"wp:attachment":[{"href":"https:\/\/www.livrariarema.com.br\/loja\/wp-json\/wp\/v2\/media?parent=330926"}],"wp:term":[{"taxonomy":"product_cat","embeddable":true,"href":"https:\/\/www.livrariarema.com.br\/loja\/wp-json\/wp\/v2\/product_cat?post=330926"},{"taxonomy":"product_tag","embeddable":true,"href":"https:\/\/www.livrariarema.com.br\/loja\/wp-json\/wp\/v2\/product_tag?post=330926"}],"curies":[{"name":"wp","href":"https:\/\/api.w.org\/{rel}","templated":true}]}}