{"id":330956,"date":"2025-05-12T11:44:14","date_gmt":"2025-05-12T14:44:14","guid":{"rendered":"https:\/\/www.livrariarema.com.br\/loja\/produtos\/sem categoria\/quebra-cabeca-pais-filhos-500-pecas-londres-ponte-do-tamisa\/"},"modified":"2026-01-06T11:20:58","modified_gmt":"2026-01-06T14:20:58","slug":"quebra-cabeca-pais-filhos-500-pecas-londres-ponte-do-tamisa","status":"publish","type":"product","link":"https:\/\/www.livrariarema.com.br\/loja\/produtos\/brinquedos\/quebra-cabecas\/quebra-cabeca-pais-filhos-500-pecas-londres-ponte-do-tamisa\/","title":{"rendered":"Quebra-Cabe\u00e7a &#8211; Pais &amp; Filhos &#8211; 500 Pe\u00e7as &#8211; Londres Ponte Do T\u00e2misa"},"content":{"rendered":"","protected":false},"excerpt":{"rendered":"","protected":false},"featured_media":331022,"comment_status":"open","ping_status":"closed","template":"","meta":[],"product_cat":[315,321],"product_tag":[],"_links":{"self":[{"href":"https:\/\/www.livrariarema.com.br\/loja\/wp-json\/wp\/v2\/product\/330956"}],"collection":[{"href":"https:\/\/www.livrariarema.com.br\/loja\/wp-json\/wp\/v2\/product"}],"about":[{"href":"https:\/\/www.livrariarema.com.br\/loja\/wp-json\/wp\/v2\/types\/product"}],"replies":[{"embeddable":true,"href":"https:\/\/www.livrariarema.com.br\/loja\/wp-json\/wp\/v2\/comments?post=330956"}],"wp:featuredmedia":[{"embeddable":true,"href":"https:\/\/www.livrariarema.com.br\/loja\/wp-json\/wp\/v2\/media\/331022"}],"wp:attachment":[{"href":"https:\/\/www.livrariarema.com.br\/loja\/wp-json\/wp\/v2\/media?parent=330956"}],"wp:term":[{"taxonomy":"product_cat","embeddable":true,"href":"https:\/\/www.livrariarema.com.br\/loja\/wp-json\/wp\/v2\/product_cat?post=330956"},{"taxonomy":"product_tag","embeddable":true,"href":"https:\/\/www.livrariarema.com.br\/loja\/wp-json\/wp\/v2\/product_tag?post=330956"}],"curies":[{"name":"wp","href":"https:\/\/api.w.org\/{rel}","templated":true}]}}