{"id":331115,"date":"2025-05-15T10:36:29","date_gmt":"2025-05-15T13:36:29","guid":{"rendered":"https:\/\/www.livrariarema.com.br\/loja\/produtos\/sem categoria\/serie-avivamento-para-o-coracao-quebrantar-se-completamente-diante-de-deus-nancy-leigh-demoss\/"},"modified":"2026-01-31T11:50:27","modified_gmt":"2026-01-31T14:50:27","slug":"serie-avivamento-para-o-coracao-quebrantar-se-completamente-diante-de-deus-nancy-leigh-demoss","status":"publish","type":"product","link":"https:\/\/www.livrariarema.com.br\/loja\/produtos\/livros\/vida-crista\/serie-avivamento-para-o-coracao-quebrantar-se-completamente-diante-de-deus-nancy-leigh-demoss\/","title":{"rendered":"S\u00e9rie Avivamento Para O Cora\u00e7\u00e3o &#8211; Quebrantar-Se Completamente Diante De Deus &#8211; Nancy Leigh Demoss"},"content":{"rendered":"<p>No primeiro livro da s\u00e9rie Avivamento Para o Cora\u00e7\u00e3o, Nancy Leigh DeMoss nos convida a refletir sobre um aspecto muitas vezes esquecido na vida crist\u00e3: o quebrantamento. Enquanto falamos frequentemente sobre adora\u00e7\u00e3o, unidade e o poder de Deus em nossas vidas, \u00e9 o quebrantamento diante do Senhor que prepara o caminho para que tudo isso se manifeste de maneira plena.<\/p>\n<p>DeMoss explora como o orgulho \u00e9 a raiz de muitos males que enfrentamos, como o pecado, o medo e a culpa. A \u00fanica forma de vencer esses obst\u00e1culos \u00e9 permitir que Deus quebre nosso cora\u00e7\u00e3o, removendo o orgulho e trazendo renova\u00e7\u00e3o espiritual. Este livro oferece uma orienta\u00e7\u00e3o clara para aqueles que desejam um relacionamento mais profundo com Deus, ajudando a abandonar os pecados que impedem uma vida abundante.<\/p>\n<p>Se voc\u00ea est\u00e1 buscando transforma\u00e7\u00e3o e deseja se render completamente a Deus, Quebrantar-se \u00e9 um convite ao desafio de se render e experimentar a verdadeira liberdade que s\u00f3 Ele pode dar.<\/p>\n","protected":false},"excerpt":{"rendered":"<p>No primeiro livro da s\u00e9rie Avivamento Para o Cora\u00e7\u00e3o, Nancy Leigh DeMoss nos convida a refletir sobre um aspecto muitas&hellip;<\/p>\n","protected":false},"featured_media":331304,"comment_status":"open","ping_status":"closed","template":"","meta":[],"product_cat":[134,137],"product_tag":[],"_links":{"self":[{"href":"https:\/\/www.livrariarema.com.br\/loja\/wp-json\/wp\/v2\/product\/331115"}],"collection":[{"href":"https:\/\/www.livrariarema.com.br\/loja\/wp-json\/wp\/v2\/product"}],"about":[{"href":"https:\/\/www.livrariarema.com.br\/loja\/wp-json\/wp\/v2\/types\/product"}],"replies":[{"embeddable":true,"href":"https:\/\/www.livrariarema.com.br\/loja\/wp-json\/wp\/v2\/comments?post=331115"}],"wp:featuredmedia":[{"embeddable":true,"href":"https:\/\/www.livrariarema.com.br\/loja\/wp-json\/wp\/v2\/media\/331304"}],"wp:attachment":[{"href":"https:\/\/www.livrariarema.com.br\/loja\/wp-json\/wp\/v2\/media?parent=331115"}],"wp:term":[{"taxonomy":"product_cat","embeddable":true,"href":"https:\/\/www.livrariarema.com.br\/loja\/wp-json\/wp\/v2\/product_cat?post=331115"},{"taxonomy":"product_tag","embeddable":true,"href":"https:\/\/www.livrariarema.com.br\/loja\/wp-json\/wp\/v2\/product_tag?post=331115"}],"curies":[{"name":"wp","href":"https:\/\/api.w.org\/{rel}","templated":true}]}}