{"id":331137,"date":"2025-05-15T13:00:38","date_gmt":"2025-05-15T16:00:38","guid":{"rendered":"https:\/\/www.livrariarema.com.br\/loja\/produtos\/sem categoria\/infancia-o-melhor-tempo-para-semear-alexandra-guerra\/"},"modified":"2025-07-16T09:54:11","modified_gmt":"2025-07-16T12:54:11","slug":"infancia-o-melhor-tempo-para-semear-alexandra-guerra","status":"publish","type":"product","link":"https:\/\/www.livrariarema.com.br\/loja\/produtos\/livros\/familia\/infancia-o-melhor-tempo-para-semear-alexandra-guerra\/","title":{"rendered":"Inf\u00e2ncia, O Melhor Tempo Para Semear &#8211; Alexandra Guerra"},"content":{"rendered":"<p>Princ\u00edpios necess\u00e1rios para a educa\u00e7\u00e3o dos filhos. Comparando o tempo da inf\u00e2ncia a um solo f\u00e9rtil, a autora apresenta princ\u00edpios fundamentais, extra\u00eddos da Palavra de Deus, para que voc\u00ea possa fazer um bom plantio, a fim de, futuramente, garantir uma abundante colheita na vida das crian\u00e7as. Al\u00e9m disso, ela trata de outros assuntos importantes, como dedica\u00e7\u00e3o aos filhos, o exemplo dos pais, amor, disciplina, liberdade, limites e v\u00e1rios outros temas que ajudam os pais e os professores a investirem na vida das crian\u00e7as com sabedoria e reponsabilidade.<\/p>\n","protected":false},"excerpt":{"rendered":"<p>Princ\u00edpios necess\u00e1rios para a educa\u00e7\u00e3o dos filhos. Comparando o tempo da inf\u00e2ncia a um solo f\u00e9rtil, a autora apresenta princ\u00edpios&hellip;<\/p>\n","protected":false},"featured_media":331316,"comment_status":"open","ping_status":"closed","template":"","meta":[],"product_cat":[178,134],"product_tag":[],"_links":{"self":[{"href":"https:\/\/www.livrariarema.com.br\/loja\/wp-json\/wp\/v2\/product\/331137"}],"collection":[{"href":"https:\/\/www.livrariarema.com.br\/loja\/wp-json\/wp\/v2\/product"}],"about":[{"href":"https:\/\/www.livrariarema.com.br\/loja\/wp-json\/wp\/v2\/types\/product"}],"replies":[{"embeddable":true,"href":"https:\/\/www.livrariarema.com.br\/loja\/wp-json\/wp\/v2\/comments?post=331137"}],"wp:featuredmedia":[{"embeddable":true,"href":"https:\/\/www.livrariarema.com.br\/loja\/wp-json\/wp\/v2\/media\/331316"}],"wp:attachment":[{"href":"https:\/\/www.livrariarema.com.br\/loja\/wp-json\/wp\/v2\/media?parent=331137"}],"wp:term":[{"taxonomy":"product_cat","embeddable":true,"href":"https:\/\/www.livrariarema.com.br\/loja\/wp-json\/wp\/v2\/product_cat?post=331137"},{"taxonomy":"product_tag","embeddable":true,"href":"https:\/\/www.livrariarema.com.br\/loja\/wp-json\/wp\/v2\/product_tag?post=331137"}],"curies":[{"name":"wp","href":"https:\/\/api.w.org\/{rel}","templated":true}]}}