{"id":331145,"date":"2025-05-15T13:04:11","date_gmt":"2025-05-15T16:04:11","guid":{"rendered":"https:\/\/www.livrariarema.com.br\/loja\/produtos\/sem%20categoria\/valores-importam-darlene-cunningham\/"},"modified":"2025-11-24T15:05:48","modified_gmt":"2025-11-24T18:05:48","slug":"valores-importam-darlene-cunningham","status":"publish","type":"product","link":"https:\/\/www.livrariarema.com.br\/loja\/produtos\/livros\/biografia\/valores-importam-darlene-cunningham\/","title":{"rendered":"Valores Importam &#8211; Darlene Cunningham"},"content":{"rendered":"<p>Em VALORES IMPORTAM, Darlene Cunningham, cofundadora da Jocum, compartilha hist\u00f3rias inspiradoras de como Deus moldou a Jocum para o formato que tem hoje &#8211; uma grande e efizaz &#8220;geradora de ondas&#8221; para miss\u00f5es &#8211; atrav\u00e9s do &#8220;DNA&#8221; espiritual carregado dentro de suas cren\u00e7as e 18 valores fundamentais. Darlene tem vivido, ensinado e conduzido descobertas sobre essas cren\u00e7as e valores essenciais por d\u00e9cadas nos seis continentes. Sua paix\u00e3o \u00e9 transmiti-los \u00e0s futuras gera\u00e7\u00f5es de mission\u00e1rios da Jocum. Este livro extraordin\u00e1rio faz exatamente isso.<\/p>\n","protected":false},"excerpt":{"rendered":"<p>Em VALORES IMPORTAM, Darlene Cunningham, cofundadora da Jocum, compartilha hist\u00f3rias inspiradoras de como Deus moldou a Jocum para o formato&hellip;<\/p>\n","protected":false},"featured_media":341486,"comment_status":"open","ping_status":"closed","template":"","meta":[],"product_cat":[181,134],"product_tag":[],"_links":{"self":[{"href":"https:\/\/www.livrariarema.com.br\/loja\/wp-json\/wp\/v2\/product\/331145"}],"collection":[{"href":"https:\/\/www.livrariarema.com.br\/loja\/wp-json\/wp\/v2\/product"}],"about":[{"href":"https:\/\/www.livrariarema.com.br\/loja\/wp-json\/wp\/v2\/types\/product"}],"replies":[{"embeddable":true,"href":"https:\/\/www.livrariarema.com.br\/loja\/wp-json\/wp\/v2\/comments?post=331145"}],"wp:featuredmedia":[{"embeddable":true,"href":"https:\/\/www.livrariarema.com.br\/loja\/wp-json\/wp\/v2\/media\/341486"}],"wp:attachment":[{"href":"https:\/\/www.livrariarema.com.br\/loja\/wp-json\/wp\/v2\/media?parent=331145"}],"wp:term":[{"taxonomy":"product_cat","embeddable":true,"href":"https:\/\/www.livrariarema.com.br\/loja\/wp-json\/wp\/v2\/product_cat?post=331145"},{"taxonomy":"product_tag","embeddable":true,"href":"https:\/\/www.livrariarema.com.br\/loja\/wp-json\/wp\/v2\/product_tag?post=331145"}],"curies":[{"name":"wp","href":"https:\/\/api.w.org\/{rel}","templated":true}]}}