{"id":331151,"date":"2025-05-15T13:04:40","date_gmt":"2025-05-15T16:04:40","guid":{"rendered":"https:\/\/www.livrariarema.com.br\/loja\/produtos\/sem categoria\/poder-restaurador-do-perdao-o-george-foster\/"},"modified":"2026-02-26T13:10:16","modified_gmt":"2026-02-26T16:10:16","slug":"poder-restaurador-do-perdao-o-george-foster","status":"publish","type":"product","link":"https:\/\/www.livrariarema.com.br\/loja\/produtos\/livros\/cura-libertacao\/poder-restaurador-do-perdao-o-george-foster\/","title":{"rendered":"Poder Restaurador Do Perd\u00e3o, O &#8211; George Foster"},"content":{"rendered":"<p>No caminho do perd\u00e3o. voc\u00ea trar\u00e1 de volta um cora\u00e7\u00e3o alegre. Quantas vezes somos impedidos de viver a vida abundante no presente pelo simples motivo de estarmos revivendo experi\u00eancias que nos acorrentam ao passado? Podemos ficar livres delas se aprendermos a perdoar. O Poder Restaurador do Perd\u00e3o nos ensina a perdoar para nosso pr\u00f3prio bem, para o bem daqueles que nos magoam e dos que sofrem em consequ\u00eancia de nosso sofrimento.<\/p>\n","protected":false},"excerpt":{"rendered":"<p>No caminho do perd\u00e3o. voc\u00ea trar\u00e1 de volta um cora\u00e7\u00e3o alegre. Quantas vezes somos impedidos de viver a vida abundante&hellip;<\/p>\n","protected":false},"featured_media":341577,"comment_status":"open","ping_status":"closed","template":"","meta":[],"product_cat":[157,134],"product_tag":[],"_links":{"self":[{"href":"https:\/\/www.livrariarema.com.br\/loja\/wp-json\/wp\/v2\/product\/331151"}],"collection":[{"href":"https:\/\/www.livrariarema.com.br\/loja\/wp-json\/wp\/v2\/product"}],"about":[{"href":"https:\/\/www.livrariarema.com.br\/loja\/wp-json\/wp\/v2\/types\/product"}],"replies":[{"embeddable":true,"href":"https:\/\/www.livrariarema.com.br\/loja\/wp-json\/wp\/v2\/comments?post=331151"}],"wp:featuredmedia":[{"embeddable":true,"href":"https:\/\/www.livrariarema.com.br\/loja\/wp-json\/wp\/v2\/media\/341577"}],"wp:attachment":[{"href":"https:\/\/www.livrariarema.com.br\/loja\/wp-json\/wp\/v2\/media?parent=331151"}],"wp:term":[{"taxonomy":"product_cat","embeddable":true,"href":"https:\/\/www.livrariarema.com.br\/loja\/wp-json\/wp\/v2\/product_cat?post=331151"},{"taxonomy":"product_tag","embeddable":true,"href":"https:\/\/www.livrariarema.com.br\/loja\/wp-json\/wp\/v2\/product_tag?post=331151"}],"curies":[{"name":"wp","href":"https:\/\/api.w.org\/{rel}","templated":true}]}}