{"id":331153,"date":"2025-05-15T13:04:46","date_gmt":"2025-05-15T16:04:46","guid":{"rendered":"https:\/\/www.livrariarema.com.br\/loja\/produtos\/sem categoria\/como-criar-filhos-felizes-e-obedientes-barbara-cook\/"},"modified":"2025-07-23T13:41:37","modified_gmt":"2025-07-23T16:41:37","slug":"como-criar-filhos-felizes-e-obedientes-barbara-cook","status":"publish","type":"product","link":"https:\/\/www.livrariarema.com.br\/loja\/produtos\/livros\/educacao-crista\/como-criar-filhos-felizes-e-obedientes-barbara-cook\/","title":{"rendered":"Como Criar Filhos Felizes E Obedientes &#8211; Barbara Cook"},"content":{"rendered":"<p>Como combater as m\u00e1s influ\u00eancias e transmitir aos filhos valores reais. Toda m\u00e3e deseja que seus filhos se tornem bem-ajustados, respons\u00e1veis, pessoas de quem possa se orgulhar. Quer v\u00ea-los enfrentando com seguran\u00e7a &#8211; e vencendo &#8211; os obst\u00e1culos da vida. E quem n\u00e3o deseja filhos que honrem os pais, e lhes sejam obedientes, mesmo em tempos t\u00e3o dif\u00edceis e em meio a tantas influ\u00eancias negativas? Este livro a ajudar\u00e1 a tornar esses anseios em realidade. Descubra o que Deus espera de voc\u00ea como m\u00e3e, e aprenda a colocar em pr\u00e1tica os princ\u00edpios b\u00e1sicos que a conduzir\u00e3o ao sucesso na cria\u00e7\u00e3o de bons filhos.<\/p>\n","protected":false},"excerpt":{"rendered":"<p>Como combater as m\u00e1s influ\u00eancias e transmitir aos filhos valores reais. Toda m\u00e3e deseja que seus filhos se tornem bem-ajustados,&hellip;<\/p>\n","protected":false},"featured_media":331329,"comment_status":"open","ping_status":"closed","template":"","meta":[],"product_cat":[169,134],"product_tag":[],"_links":{"self":[{"href":"https:\/\/www.livrariarema.com.br\/loja\/wp-json\/wp\/v2\/product\/331153"}],"collection":[{"href":"https:\/\/www.livrariarema.com.br\/loja\/wp-json\/wp\/v2\/product"}],"about":[{"href":"https:\/\/www.livrariarema.com.br\/loja\/wp-json\/wp\/v2\/types\/product"}],"replies":[{"embeddable":true,"href":"https:\/\/www.livrariarema.com.br\/loja\/wp-json\/wp\/v2\/comments?post=331153"}],"wp:featuredmedia":[{"embeddable":true,"href":"https:\/\/www.livrariarema.com.br\/loja\/wp-json\/wp\/v2\/media\/331329"}],"wp:attachment":[{"href":"https:\/\/www.livrariarema.com.br\/loja\/wp-json\/wp\/v2\/media?parent=331153"}],"wp:term":[{"taxonomy":"product_cat","embeddable":true,"href":"https:\/\/www.livrariarema.com.br\/loja\/wp-json\/wp\/v2\/product_cat?post=331153"},{"taxonomy":"product_tag","embeddable":true,"href":"https:\/\/www.livrariarema.com.br\/loja\/wp-json\/wp\/v2\/product_tag?post=331153"}],"curies":[{"name":"wp","href":"https:\/\/api.w.org\/{rel}","templated":true}]}}