{"id":331155,"date":"2025-05-15T13:04:51","date_gmt":"2025-05-15T16:04:51","guid":{"rendered":"https:\/\/www.livrariarema.com.br\/loja\/produtos\/sem categoria\/montando-o-quebra-cabeca-do-antigo-testamento-bill-jones\/"},"modified":"2025-11-27T11:15:39","modified_gmt":"2025-11-27T14:15:39","slug":"montando-o-quebra-cabeca-do-antigo-testamento-bill-jones","status":"publish","type":"product","link":"https:\/\/www.livrariarema.com.br\/loja\/produtos\/livros\/estudo-biblico\/montando-o-quebra-cabeca-do-antigo-testamento-bill-jones\/","title":{"rendered":"Montando O Quebra Cabe\u00e7a Do Antigo Testamento &#8211; Bill Jones"},"content":{"rendered":"<p>Compreendendo melhor os livros hist\u00f3ricos, po\u00e9ticos e prof\u00e9ticos da B\u00edblia. Este devocional apresenta vinte e seis temas semanais, textos b\u00edblicos, perguntas para an\u00e1lise, ora\u00e7\u00f5es, coment\u00e1rios pessoais dos autores, bem como hist\u00f3rias que s\u00e3o verdadeiros exemplos para n\u00f3s. A leitura de cada dia traz sabedoria b\u00edblica que pode ser aplicada no relacionamento conjugal &#8211; e leva apenas alguns minutos que podem resultar em mudan\u00e7as para toda a vida.<\/p>\n","protected":false},"excerpt":{"rendered":"<p>Compreendendo melhor os livros hist\u00f3ricos, po\u00e9ticos e prof\u00e9ticos da B\u00edblia. Este devocional apresenta vinte e seis temas semanais, textos b\u00edblicos,&hellip;<\/p>\n","protected":false},"featured_media":341580,"comment_status":"open","ping_status":"closed","template":"","meta":[],"product_cat":[161,134],"product_tag":[],"_links":{"self":[{"href":"https:\/\/www.livrariarema.com.br\/loja\/wp-json\/wp\/v2\/product\/331155"}],"collection":[{"href":"https:\/\/www.livrariarema.com.br\/loja\/wp-json\/wp\/v2\/product"}],"about":[{"href":"https:\/\/www.livrariarema.com.br\/loja\/wp-json\/wp\/v2\/types\/product"}],"replies":[{"embeddable":true,"href":"https:\/\/www.livrariarema.com.br\/loja\/wp-json\/wp\/v2\/comments?post=331155"}],"wp:featuredmedia":[{"embeddable":true,"href":"https:\/\/www.livrariarema.com.br\/loja\/wp-json\/wp\/v2\/media\/341580"}],"wp:attachment":[{"href":"https:\/\/www.livrariarema.com.br\/loja\/wp-json\/wp\/v2\/media?parent=331155"}],"wp:term":[{"taxonomy":"product_cat","embeddable":true,"href":"https:\/\/www.livrariarema.com.br\/loja\/wp-json\/wp\/v2\/product_cat?post=331155"},{"taxonomy":"product_tag","embeddable":true,"href":"https:\/\/www.livrariarema.com.br\/loja\/wp-json\/wp\/v2\/product_tag?post=331155"}],"curies":[{"name":"wp","href":"https:\/\/api.w.org\/{rel}","templated":true}]}}