{"id":331263,"date":"2025-05-20T10:19:58","date_gmt":"2025-05-20T13:19:58","guid":{"rendered":"https:\/\/www.livrariarema.com.br\/loja\/produtos\/sem categoria\/caderneta-os-planos-de-deus-marrom-viviane-martinello\/"},"modified":"2026-03-28T12:20:48","modified_gmt":"2026-03-28T15:20:48","slug":"caderneta-os-planos-de-deus-marrom-viviane-martinello","status":"publish","type":"product","link":"https:\/\/www.livrariarema.com.br\/loja\/produtos\/papelaria-crista\/caderneta-papelaria-crista\/caderneta-os-planos-de-deus-marrom-viviane-martinello\/","title":{"rendered":"Caderneta &#8211; Os Planos De Deus &#8211; Marrom &#8211; Viviane Martinello"},"content":{"rendered":"<p>A Cole\u00e7\u00e3o de Cadernetas da Viviane Martinello \u00e9 uma ferramenta perfeita, que une versatilidade e prop\u00f3sito. Nelas, voc\u00ea encontra um plano de leitura da B\u00edblia, uma lista para elencar contatos, planejamento anual, vers\u00edculos b\u00edblicos e espa\u00e7o para anota\u00e7\u00f5es. Este produto \u00e9 ideal para esbo\u00e7ar no papel o que vem \u00e0 sua mente durante o culto, devocional ou at\u00e9 mesmo para organizar as tarefas do dia a dia.<\/p>\n","protected":false},"excerpt":{"rendered":"<p>A Cole\u00e7\u00e3o de Cadernetas da Viviane Martinello \u00e9 uma ferramenta perfeita, que une versatilidade e prop\u00f3sito. Nelas, voc\u00ea encontra um&hellip;<\/p>\n","protected":false},"featured_media":343620,"comment_status":"open","ping_status":"closed","template":"","meta":[],"product_cat":[335,322],"product_tag":[],"_links":{"self":[{"href":"https:\/\/www.livrariarema.com.br\/loja\/wp-json\/wp\/v2\/product\/331263"}],"collection":[{"href":"https:\/\/www.livrariarema.com.br\/loja\/wp-json\/wp\/v2\/product"}],"about":[{"href":"https:\/\/www.livrariarema.com.br\/loja\/wp-json\/wp\/v2\/types\/product"}],"replies":[{"embeddable":true,"href":"https:\/\/www.livrariarema.com.br\/loja\/wp-json\/wp\/v2\/comments?post=331263"}],"wp:featuredmedia":[{"embeddable":true,"href":"https:\/\/www.livrariarema.com.br\/loja\/wp-json\/wp\/v2\/media\/343620"}],"wp:attachment":[{"href":"https:\/\/www.livrariarema.com.br\/loja\/wp-json\/wp\/v2\/media?parent=331263"}],"wp:term":[{"taxonomy":"product_cat","embeddable":true,"href":"https:\/\/www.livrariarema.com.br\/loja\/wp-json\/wp\/v2\/product_cat?post=331263"},{"taxonomy":"product_tag","embeddable":true,"href":"https:\/\/www.livrariarema.com.br\/loja\/wp-json\/wp\/v2\/product_tag?post=331263"}],"curies":[{"name":"wp","href":"https:\/\/api.w.org\/{rel}","templated":true}]}}