{"id":331285,"date":"2025-05-20T10:21:30","date_gmt":"2025-05-20T13:21:30","guid":{"rendered":"https:\/\/www.livrariarema.com.br\/loja\/produtos\/sem%20categoria\/feminina-tudo-pode-ser-leve-karine-rizzardi\/"},"modified":"2026-04-27T08:50:18","modified_gmt":"2026-04-27T11:50:18","slug":"feminina-tudo-pode-ser-leve-karine-rizzardi","status":"publish","type":"product","link":"https:\/\/www.livrariarema.com.br\/loja\/produtos\/livros\/mulher\/feminina-tudo-pode-ser-leve-karine-rizzardi\/","title":{"rendered":"Feminina &#8211; Tudo Pode Ser Leve &#8211; Karine Rizzardi"},"content":{"rendered":"<p>Sem culpa, sem pressa, simplesmente feminina.<\/p>\n<p>Ao observar tantas mulheres sobrecarregadas, tentando equilibrar uma rotina exaustiva de trabalho com a plenitude de suas fam\u00edlias &#8211; provendo amor, cuidado e aten\u00e7\u00e3o -, senti o chamado para fazer algo a respeito. Decidi criar grupos de feminilidade, espa\u00e7os onde mulheres pudessem vivenciar, juntas, o caminho de volta \u00e0 sua ess\u00eancia. Um retorno \u00e0 verdadeira feminilidade, respeitando a singularidade de cada uma ao longo dessa jornada transformadora.<\/p>\n<p>Esses grupos me proporcionaram muitas descobertas, que agora compartilho com voc\u00ea nestas p\u00e1ginas. Elas t\u00eam uma caracter\u00edstica muito especial: s\u00e3o como uma &#8220;m\u00e3e&#8221; que acolhe, compreende e acompanha, mas tamb\u00e9m sabe corrigir com amor quando necess\u00e1rio. Respeita suas conquistas e seu modo de ser, mas sonha em v\u00ea-la transbordando em sua feminilidade.<\/p>\n<p>Portanto, eu a convido a embarcar nesta jornada que lhe revelar\u00e1 como a vida pode ser muito mais leve. Seja jovem ou madura, casada ou solteira, do lar ou profissional, algo nos une profundamente &#8211; somos mulheres.<\/p>\n","protected":false},"excerpt":{"rendered":"<p>Sem culpa, sem pressa, simplesmente feminina. Ao observar tantas mulheres sobrecarregadas, tentando equilibrar uma rotina exaustiva de trabalho com a&hellip;<\/p>\n","protected":false},"featured_media":342598,"comment_status":"open","ping_status":"closed","template":"","meta":[],"product_cat":[134,170],"product_tag":[],"_links":{"self":[{"href":"https:\/\/www.livrariarema.com.br\/loja\/wp-json\/wp\/v2\/product\/331285"}],"collection":[{"href":"https:\/\/www.livrariarema.com.br\/loja\/wp-json\/wp\/v2\/product"}],"about":[{"href":"https:\/\/www.livrariarema.com.br\/loja\/wp-json\/wp\/v2\/types\/product"}],"replies":[{"embeddable":true,"href":"https:\/\/www.livrariarema.com.br\/loja\/wp-json\/wp\/v2\/comments?post=331285"}],"wp:featuredmedia":[{"embeddable":true,"href":"https:\/\/www.livrariarema.com.br\/loja\/wp-json\/wp\/v2\/media\/342598"}],"wp:attachment":[{"href":"https:\/\/www.livrariarema.com.br\/loja\/wp-json\/wp\/v2\/media?parent=331285"}],"wp:term":[{"taxonomy":"product_cat","embeddable":true,"href":"https:\/\/www.livrariarema.com.br\/loja\/wp-json\/wp\/v2\/product_cat?post=331285"},{"taxonomy":"product_tag","embeddable":true,"href":"https:\/\/www.livrariarema.com.br\/loja\/wp-json\/wp\/v2\/product_tag?post=331285"}],"curies":[{"name":"wp","href":"https:\/\/api.w.org\/{rel}","templated":true}]}}