{"id":331293,"date":"2025-05-20T10:21:55","date_gmt":"2025-05-20T13:21:55","guid":{"rendered":"https:\/\/www.livrariarema.com.br\/loja\/produtos\/sem%20categoria\/eleitos-mas-livres-norman-l-geisler\/"},"modified":"2025-07-23T13:45:00","modified_gmt":"2025-07-23T16:45:00","slug":"eleitos-mas-livres-norman-l-geisler","status":"publish","type":"product","link":"https:\/\/www.livrariarema.com.br\/loja\/produtos\/livros\/doutrinas-biblicas\/eleitos-mas-livres-norman-l-geisler\/","title":{"rendered":"Eleitos, Mas Livres &#8211; Norman L. Geisler"},"content":{"rendered":"<p>&#8220;Deus escolheu uns para a salva\u00e7\u00e3o e outros para a condena\u00e7\u00e3o eterna? O homem tem a liberdade de aceitar ou recusar a gra\u00e7a divina?&#8221;<\/p>\n<p>O debate teol\u00f3gico acirrado em torno da salva\u00e7\u00e3o do ser humano n\u00e3o \u00e9 novo. Para alguns, Deus em sua sabedoria escolhe salvar ou condenar a esp\u00e9cie humana, sem que ela possa interferir nessa decis\u00e3o. Para outros, o homem \u00e9 quem decide aceitar ou rejeitar a oferta da gra\u00e7a divina. Al\u00e9m disso, discute-se ainda a cren\u00e7a comum de que a soberania de Deus e a liberdade humana s\u00e3o mutuamente excludentes.<\/p>\n<p>Nesta obra fundamental, Norman Geisler adverte contra o perigo de render-se a vis\u00f5es extremadas sobre aspectos da salva\u00e7\u00e3o. O escritor defende uma posi\u00e7\u00e3o teol\u00f3gica equilibrada: aceitar a soberania e a presci\u00eancia de Deus ao lado da responsabilidade humana de escolher ou rejeitar a oferta de salva\u00e7\u00e3o.<\/p>\n","protected":false},"excerpt":{"rendered":"<p>&#8220;Deus escolheu uns para a salva\u00e7\u00e3o e outros para a condena\u00e7\u00e3o eterna? O homem tem a liberdade de aceitar ou&hellip;<\/p>\n","protected":false},"featured_media":331392,"comment_status":"open","ping_status":"closed","template":"","meta":[],"product_cat":[145,134],"product_tag":[],"_links":{"self":[{"href":"https:\/\/www.livrariarema.com.br\/loja\/wp-json\/wp\/v2\/product\/331293"}],"collection":[{"href":"https:\/\/www.livrariarema.com.br\/loja\/wp-json\/wp\/v2\/product"}],"about":[{"href":"https:\/\/www.livrariarema.com.br\/loja\/wp-json\/wp\/v2\/types\/product"}],"replies":[{"embeddable":true,"href":"https:\/\/www.livrariarema.com.br\/loja\/wp-json\/wp\/v2\/comments?post=331293"}],"wp:featuredmedia":[{"embeddable":true,"href":"https:\/\/www.livrariarema.com.br\/loja\/wp-json\/wp\/v2\/media\/331392"}],"wp:attachment":[{"href":"https:\/\/www.livrariarema.com.br\/loja\/wp-json\/wp\/v2\/media?parent=331293"}],"wp:term":[{"taxonomy":"product_cat","embeddable":true,"href":"https:\/\/www.livrariarema.com.br\/loja\/wp-json\/wp\/v2\/product_cat?post=331293"},{"taxonomy":"product_tag","embeddable":true,"href":"https:\/\/www.livrariarema.com.br\/loja\/wp-json\/wp\/v2\/product_tag?post=331293"}],"curies":[{"name":"wp","href":"https:\/\/api.w.org\/{rel}","templated":true}]}}