{"id":331299,"date":"2025-05-20T10:22:16","date_gmt":"2025-05-20T13:22:16","guid":{"rendered":"https:\/\/www.livrariarema.com.br\/loja\/produtos\/sem%20categoria\/lideranca-brian-tracy\/"},"modified":"2025-09-16T09:40:16","modified_gmt":"2025-09-16T12:40:16","slug":"lideranca-brian-tracy","status":"publish","type":"product","link":"https:\/\/www.livrariarema.com.br\/loja\/produtos\/livros\/lideranca\/lideranca-brian-tracy\/","title":{"rendered":"Lideran\u00e7a &#8211; Brian Tracy"},"content":{"rendered":"<p>VOC\u00ca \u00c9 T\u00c3O CAPAZ QUANTO QUALQUER UM! AO LONGO DA VIDA , \u00e9 comum reconhecer &#8220;algo especial&#8221; em algumas pessoas &#8211; uma qualidade indescrit\u00edvel e cativante que transmite lideran\u00e7a, confian\u00e7a e inspira\u00e7\u00e3o. Essas s\u00e3o as pessoas que seguimos, admiramos e de quem aprendemos. Talvez voc\u00ea tenha pensado: &#8220;Se ao menos eu tivesse esse &#8216;fator especial&#8217; em mim, capaz de inspirar, motivar e liderar os outros da mesma forma&#8221;. A boa not\u00edcia \u00e9 que voc\u00ea j\u00e1 possui essa capacidade &#8211; e pode desenvolv\u00ea-la! Nenhum l\u00edder nasce pronto. Nem mesmo os maiores l\u00edderes come\u00e7aram com todas as respostas. Mas, em algum momento, eles, que come\u00e7aram a vida da mesma forma que voc\u00ea, passaram por uma transforma\u00e7\u00e3o e se tornaram indiv\u00edduos capazes de inspirar outros a seguirem seu exemplo. N\u00e3o acredite na mentira de que alguns nascem para liderar e o resto de n\u00f3s est\u00e1 destinado a apenas segui-los. Voc\u00ea \u00e9 t\u00e3o capaz quanto qualquer um. Repleto de m\u00e9todos pr\u00e1ticos e comprovados, Lideran\u00e7a, um guia indispens\u00e1vel, ajudar\u00e1 voc\u00ea a desbloquear todo o seu potencial como l\u00edder.<\/p>\n","protected":false},"excerpt":{"rendered":"<p>VOC\u00ca \u00c9 T\u00c3O CAPAZ QUANTO QUALQUER UM! AO LONGO DA VIDA , \u00e9 comum reconhecer &#8220;algo especial&#8221; em algumas pessoas&hellip;<\/p>\n","protected":false},"featured_media":331395,"comment_status":"open","ping_status":"closed","template":"","meta":[],"product_cat":[153,134],"product_tag":[],"_links":{"self":[{"href":"https:\/\/www.livrariarema.com.br\/loja\/wp-json\/wp\/v2\/product\/331299"}],"collection":[{"href":"https:\/\/www.livrariarema.com.br\/loja\/wp-json\/wp\/v2\/product"}],"about":[{"href":"https:\/\/www.livrariarema.com.br\/loja\/wp-json\/wp\/v2\/types\/product"}],"replies":[{"embeddable":true,"href":"https:\/\/www.livrariarema.com.br\/loja\/wp-json\/wp\/v2\/comments?post=331299"}],"wp:featuredmedia":[{"embeddable":true,"href":"https:\/\/www.livrariarema.com.br\/loja\/wp-json\/wp\/v2\/media\/331395"}],"wp:attachment":[{"href":"https:\/\/www.livrariarema.com.br\/loja\/wp-json\/wp\/v2\/media?parent=331299"}],"wp:term":[{"taxonomy":"product_cat","embeddable":true,"href":"https:\/\/www.livrariarema.com.br\/loja\/wp-json\/wp\/v2\/product_cat?post=331299"},{"taxonomy":"product_tag","embeddable":true,"href":"https:\/\/www.livrariarema.com.br\/loja\/wp-json\/wp\/v2\/product_tag?post=331299"}],"curies":[{"name":"wp","href":"https:\/\/api.w.org\/{rel}","templated":true}]}}