{"id":331404,"date":"2025-05-23T14:30:50","date_gmt":"2025-05-23T17:30:50","guid":{"rendered":"https:\/\/www.livrariarema.com.br\/loja\/produtos\/sem categoria\/livro-de-artesanato-criativo-porco-espinho\/"},"modified":"2026-02-10T17:29:42","modified_gmt":"2026-02-10T20:29:42","slug":"livro-de-artesanato-criativo-porco-espinho","status":"publish","type":"product","link":"https:\/\/www.livrariarema.com.br\/loja\/produtos\/livros\/infantil\/livro-de-artesanato-criativo-porco-espinho\/","title":{"rendered":"Livro De Artesanato Criativo: Porco-Espinho"},"content":{"rendered":"<p>Fa\u00e7a voc\u00ea mesmo os mais fofinhos e encantadores bichinhos, com a cole\u00e7\u00e3o Meu Kit de artesanato Criativo! Itens do kit: &#8211; Instru\u00e7\u00f5es passo a passo &#8211; Novelo &#8211; Feltro &#8211; Enchimento de Fibra &#8211; Tecido de Plush &#8211; Veludo Cotel\u00ea<\/p>\n","protected":false},"excerpt":{"rendered":"<p>Fa\u00e7a voc\u00ea mesmo os mais fofinhos e encantadores bichinhos, com a cole\u00e7\u00e3o Meu Kit de artesanato Criativo! Itens do kit:&hellip;<\/p>\n","protected":false},"featured_media":344210,"comment_status":"open","ping_status":"closed","template":"","meta":[],"product_cat":[144,134],"product_tag":[],"_links":{"self":[{"href":"https:\/\/www.livrariarema.com.br\/loja\/wp-json\/wp\/v2\/product\/331404"}],"collection":[{"href":"https:\/\/www.livrariarema.com.br\/loja\/wp-json\/wp\/v2\/product"}],"about":[{"href":"https:\/\/www.livrariarema.com.br\/loja\/wp-json\/wp\/v2\/types\/product"}],"replies":[{"embeddable":true,"href":"https:\/\/www.livrariarema.com.br\/loja\/wp-json\/wp\/v2\/comments?post=331404"}],"wp:featuredmedia":[{"embeddable":true,"href":"https:\/\/www.livrariarema.com.br\/loja\/wp-json\/wp\/v2\/media\/344210"}],"wp:attachment":[{"href":"https:\/\/www.livrariarema.com.br\/loja\/wp-json\/wp\/v2\/media?parent=331404"}],"wp:term":[{"taxonomy":"product_cat","embeddable":true,"href":"https:\/\/www.livrariarema.com.br\/loja\/wp-json\/wp\/v2\/product_cat?post=331404"},{"taxonomy":"product_tag","embeddable":true,"href":"https:\/\/www.livrariarema.com.br\/loja\/wp-json\/wp\/v2\/product_tag?post=331404"}],"curies":[{"name":"wp","href":"https:\/\/api.w.org\/{rel}","templated":true}]}}