{"id":331421,"date":"2025-05-23T14:35:05","date_gmt":"2025-05-23T17:35:05","guid":{"rendered":"https:\/\/www.livrariarema.com.br\/loja\/produtos\/sem categoria\/minha-arte-em-quebra-cabeca-estencil-dinossauros\/"},"modified":"2026-02-10T17:27:55","modified_gmt":"2026-02-10T20:27:55","slug":"minha-arte-em-quebra-cabeca-estencil-dinossauros","status":"publish","type":"product","link":"https:\/\/www.livrariarema.com.br\/loja\/produtos\/livros\/infantil\/minha-arte-em-quebra-cabeca-estencil-dinossauros\/","title":{"rendered":"Minha Arte Em Quebra-Cabeca Estencil &#8211; Dinossauros"},"content":{"rendered":"<p>Desfrute de horas de divers\u00e3o, com muitas atividades coloridas e criativas, neste livro em quebra-cabe\u00e7a est\u00eancil de Dinossauros!<\/p>\n","protected":false},"excerpt":{"rendered":"<p>Desfrute de horas de divers\u00e3o, com muitas atividades coloridas e criativas, neste livro em quebra-cabe\u00e7a est\u00eancil de Dinossauros!<\/p>\n","protected":false},"featured_media":344199,"comment_status":"open","ping_status":"closed","template":"","meta":[],"product_cat":[144,134],"product_tag":[],"_links":{"self":[{"href":"https:\/\/www.livrariarema.com.br\/loja\/wp-json\/wp\/v2\/product\/331421"}],"collection":[{"href":"https:\/\/www.livrariarema.com.br\/loja\/wp-json\/wp\/v2\/product"}],"about":[{"href":"https:\/\/www.livrariarema.com.br\/loja\/wp-json\/wp\/v2\/types\/product"}],"replies":[{"embeddable":true,"href":"https:\/\/www.livrariarema.com.br\/loja\/wp-json\/wp\/v2\/comments?post=331421"}],"wp:featuredmedia":[{"embeddable":true,"href":"https:\/\/www.livrariarema.com.br\/loja\/wp-json\/wp\/v2\/media\/344199"}],"wp:attachment":[{"href":"https:\/\/www.livrariarema.com.br\/loja\/wp-json\/wp\/v2\/media?parent=331421"}],"wp:term":[{"taxonomy":"product_cat","embeddable":true,"href":"https:\/\/www.livrariarema.com.br\/loja\/wp-json\/wp\/v2\/product_cat?post=331421"},{"taxonomy":"product_tag","embeddable":true,"href":"https:\/\/www.livrariarema.com.br\/loja\/wp-json\/wp\/v2\/product_tag?post=331421"}],"curies":[{"name":"wp","href":"https:\/\/api.w.org\/{rel}","templated":true}]}}