{"id":331441,"date":"2025-05-23T14:37:32","date_gmt":"2025-05-23T17:37:32","guid":{"rendered":"https:\/\/www.livrariarema.com.br\/loja\/produtos\/sem categoria\/casinha-3d-monte-o-seu-celeiro\/"},"modified":"2026-02-19T10:25:51","modified_gmt":"2026-02-19T13:25:51","slug":"casinha-3d-monte-o-seu-celeiro","status":"publish","type":"product","link":"https:\/\/www.livrariarema.com.br\/loja\/produtos\/livros\/infantil\/casinha-3d-monte-o-seu-celeiro\/","title":{"rendered":"Casinha 3D &#8211; Monte O Seu Celeiro"},"content":{"rendered":"<p>Um Livro que vai levar sua crian\u00e7a a usar sua criatividade e imagna\u00e7\u00e3o montandoo seu Celeiro em 3D, contendo instru\u00e7\u00f5es e passo a passo para \u00e1 divers\u00e3o ser garantida.<\/p>\n","protected":false},"excerpt":{"rendered":"<p>Um Livro que vai levar sua crian\u00e7a a usar sua criatividade e imagna\u00e7\u00e3o montandoo seu Celeiro em 3D, contendo instru\u00e7\u00f5es&hellip;<\/p>\n","protected":false},"featured_media":331440,"comment_status":"open","ping_status":"closed","template":"","meta":[],"product_cat":[144,134],"product_tag":[],"_links":{"self":[{"href":"https:\/\/www.livrariarema.com.br\/loja\/wp-json\/wp\/v2\/product\/331441"}],"collection":[{"href":"https:\/\/www.livrariarema.com.br\/loja\/wp-json\/wp\/v2\/product"}],"about":[{"href":"https:\/\/www.livrariarema.com.br\/loja\/wp-json\/wp\/v2\/types\/product"}],"replies":[{"embeddable":true,"href":"https:\/\/www.livrariarema.com.br\/loja\/wp-json\/wp\/v2\/comments?post=331441"}],"wp:featuredmedia":[{"embeddable":true,"href":"https:\/\/www.livrariarema.com.br\/loja\/wp-json\/wp\/v2\/media\/331440"}],"wp:attachment":[{"href":"https:\/\/www.livrariarema.com.br\/loja\/wp-json\/wp\/v2\/media?parent=331441"}],"wp:term":[{"taxonomy":"product_cat","embeddable":true,"href":"https:\/\/www.livrariarema.com.br\/loja\/wp-json\/wp\/v2\/product_cat?post=331441"},{"taxonomy":"product_tag","embeddable":true,"href":"https:\/\/www.livrariarema.com.br\/loja\/wp-json\/wp\/v2\/product_tag?post=331441"}],"curies":[{"name":"wp","href":"https:\/\/api.w.org\/{rel}","templated":true}]}}