{"id":331470,"date":"2025-05-23T14:46:41","date_gmt":"2025-05-23T17:46:41","guid":{"rendered":"https:\/\/www.livrariarema.com.br\/loja\/produtos\/sem categoria\/olhe-e-toque-dinossauros\/"},"modified":"2025-11-08T14:10:46","modified_gmt":"2025-11-08T17:10:46","slug":"olhe-e-toque-dinossauros","status":"publish","type":"product","link":"https:\/\/www.livrariarema.com.br\/loja\/produtos\/livros\/infantil\/olhe-e-toque-dinossauros\/","title":{"rendered":"Olhe E Toque! &#8211; Dinossauros"},"content":{"rendered":"<p>COM ILUSTRA\u00c7\u00d5ES ALEGRES, ABAS E TEXTURAS PARA SENTIR, ESTA COLE\u00c7\u00c3O DESPERTA A CURIOSIDADE DO PEQUENO, TORNANDO A HORA DA LEITURA UM MOMENTO L\u00daDICO \u00daNICO.<\/p>\n","protected":false},"excerpt":{"rendered":"<p>COM ILUSTRA\u00c7\u00d5ES ALEGRES, ABAS E TEXTURAS PARA SENTIR, ESTA COLE\u00c7\u00c3O DESPERTA A CURIOSIDADE DO PEQUENO, TORNANDO A HORA DA LEITURA&hellip;<\/p>\n","protected":false},"featured_media":331469,"comment_status":"open","ping_status":"closed","template":"","meta":[],"product_cat":[144,134],"product_tag":[],"_links":{"self":[{"href":"https:\/\/www.livrariarema.com.br\/loja\/wp-json\/wp\/v2\/product\/331470"}],"collection":[{"href":"https:\/\/www.livrariarema.com.br\/loja\/wp-json\/wp\/v2\/product"}],"about":[{"href":"https:\/\/www.livrariarema.com.br\/loja\/wp-json\/wp\/v2\/types\/product"}],"replies":[{"embeddable":true,"href":"https:\/\/www.livrariarema.com.br\/loja\/wp-json\/wp\/v2\/comments?post=331470"}],"wp:featuredmedia":[{"embeddable":true,"href":"https:\/\/www.livrariarema.com.br\/loja\/wp-json\/wp\/v2\/media\/331469"}],"wp:attachment":[{"href":"https:\/\/www.livrariarema.com.br\/loja\/wp-json\/wp\/v2\/media?parent=331470"}],"wp:term":[{"taxonomy":"product_cat","embeddable":true,"href":"https:\/\/www.livrariarema.com.br\/loja\/wp-json\/wp\/v2\/product_cat?post=331470"},{"taxonomy":"product_tag","embeddable":true,"href":"https:\/\/www.livrariarema.com.br\/loja\/wp-json\/wp\/v2\/product_tag?post=331470"}],"curies":[{"name":"wp","href":"https:\/\/api.w.org\/{rel}","templated":true}]}}