{"id":331492,"date":"2025-05-23T14:47:54","date_gmt":"2025-05-23T17:47:54","guid":{"rendered":"https:\/\/www.livrariarema.com.br\/loja\/produtos\/sem categoria\/aventuras-para-pequeninos-dinossauros\/"},"modified":"2025-07-08T07:33:26","modified_gmt":"2025-07-08T10:33:26","slug":"aventuras-para-pequeninos-dinossauros","status":"publish","type":"product","link":"https:\/\/www.livrariarema.com.br\/loja\/produtos\/livros\/infantil\/aventuras-para-pequeninos-dinossauros\/","title":{"rendered":"Aventuras Para Pequeninos &#8211; Dinossauros"},"content":{"rendered":"<p>Acompanhado de tr\u00eas personagens, este livro estimula a criatividade e a divers\u00e3o das crian\u00e7as, proporcionando uma Experi\u00eancia de leitura \u00fanica.<\/p>\n","protected":false},"excerpt":{"rendered":"<p>Acompanhado de tr\u00eas personagens, este livro estimula a criatividade e a divers\u00e3o das crian\u00e7as, proporcionando uma Experi\u00eancia de leitura \u00fanica.<\/p>\n","protected":false},"featured_media":331491,"comment_status":"open","ping_status":"closed","template":"","meta":[],"product_cat":[144,134],"product_tag":[],"_links":{"self":[{"href":"https:\/\/www.livrariarema.com.br\/loja\/wp-json\/wp\/v2\/product\/331492"}],"collection":[{"href":"https:\/\/www.livrariarema.com.br\/loja\/wp-json\/wp\/v2\/product"}],"about":[{"href":"https:\/\/www.livrariarema.com.br\/loja\/wp-json\/wp\/v2\/types\/product"}],"replies":[{"embeddable":true,"href":"https:\/\/www.livrariarema.com.br\/loja\/wp-json\/wp\/v2\/comments?post=331492"}],"wp:featuredmedia":[{"embeddable":true,"href":"https:\/\/www.livrariarema.com.br\/loja\/wp-json\/wp\/v2\/media\/331491"}],"wp:attachment":[{"href":"https:\/\/www.livrariarema.com.br\/loja\/wp-json\/wp\/v2\/media?parent=331492"}],"wp:term":[{"taxonomy":"product_cat","embeddable":true,"href":"https:\/\/www.livrariarema.com.br\/loja\/wp-json\/wp\/v2\/product_cat?post=331492"},{"taxonomy":"product_tag","embeddable":true,"href":"https:\/\/www.livrariarema.com.br\/loja\/wp-json\/wp\/v2\/product_tag?post=331492"}],"curies":[{"name":"wp","href":"https:\/\/api.w.org\/{rel}","templated":true}]}}