{"id":331496,"date":"2025-05-23T14:50:28","date_gmt":"2025-05-23T17:50:28","guid":{"rendered":"https:\/\/www.livrariarema.com.br\/loja\/produtos\/sem categoria\/diversao-com-feltros-amigos-da-floresta\/"},"modified":"2026-02-11T14:20:47","modified_gmt":"2026-02-11T17:20:47","slug":"diversao-com-feltros-amigos-da-floresta","status":"publish","type":"product","link":"https:\/\/www.livrariarema.com.br\/loja\/produtos\/livros\/infantil\/diversao-com-feltros-amigos-da-floresta\/","title":{"rendered":"Diversao Com Feltros &#8211; Amigos Da Floresta"},"content":{"rendered":"<p>Um livro interativo encantador, com pe\u00e7as em feltro, macias e felpudas! A crian\u00e7a vai adorar combinar os personagens \u00e0s cenas e viver aventuras incr\u00edveis na floresta, na campina, na praia&#8230; e, at\u00e9 pelo espa\u00e7o!<\/p>\n","protected":false},"excerpt":{"rendered":"<p>Um livro interativo encantador, com pe\u00e7as em feltro, macias e felpudas! A crian\u00e7a vai adorar combinar os personagens \u00e0s cenas&hellip;<\/p>\n","protected":false},"featured_media":344408,"comment_status":"open","ping_status":"closed","template":"","meta":[],"product_cat":[144,134],"product_tag":[],"_links":{"self":[{"href":"https:\/\/www.livrariarema.com.br\/loja\/wp-json\/wp\/v2\/product\/331496"}],"collection":[{"href":"https:\/\/www.livrariarema.com.br\/loja\/wp-json\/wp\/v2\/product"}],"about":[{"href":"https:\/\/www.livrariarema.com.br\/loja\/wp-json\/wp\/v2\/types\/product"}],"replies":[{"embeddable":true,"href":"https:\/\/www.livrariarema.com.br\/loja\/wp-json\/wp\/v2\/comments?post=331496"}],"wp:featuredmedia":[{"embeddable":true,"href":"https:\/\/www.livrariarema.com.br\/loja\/wp-json\/wp\/v2\/media\/344408"}],"wp:attachment":[{"href":"https:\/\/www.livrariarema.com.br\/loja\/wp-json\/wp\/v2\/media?parent=331496"}],"wp:term":[{"taxonomy":"product_cat","embeddable":true,"href":"https:\/\/www.livrariarema.com.br\/loja\/wp-json\/wp\/v2\/product_cat?post=331496"},{"taxonomy":"product_tag","embeddable":true,"href":"https:\/\/www.livrariarema.com.br\/loja\/wp-json\/wp\/v2\/product_tag?post=331496"}],"curies":[{"name":"wp","href":"https:\/\/api.w.org\/{rel}","templated":true}]}}