{"id":331501,"date":"2025-05-23T14:50:59","date_gmt":"2025-05-23T17:50:59","guid":{"rendered":"https:\/\/www.livrariarema.com.br\/loja\/produtos\/sem categoria\/aventuras-para-pequeninos-fazenda\/"},"modified":"2026-01-03T10:50:43","modified_gmt":"2026-01-03T13:50:43","slug":"aventuras-para-pequeninos-fazenda","status":"publish","type":"product","link":"https:\/\/www.livrariarema.com.br\/loja\/produtos\/livros\/infantil\/aventuras-para-pequeninos-fazenda\/","title":{"rendered":"Aventuras Para Pequeninos &#8211; Fazenda"},"content":{"rendered":"<p>Acompanhado de tr\u00eas personagens, este livro estimula a criatividade e a divers\u00e3o das crian\u00e7as, proporcionando uma experi\u00eancia de leitura \u00fanica.<\/p>\n","protected":false},"excerpt":{"rendered":"<p>Acompanhado de tr\u00eas personagens, este livro estimula a criatividade e a divers\u00e3o das crian\u00e7as, proporcionando uma experi\u00eancia de leitura \u00fanica.<\/p>\n","protected":false},"featured_media":331500,"comment_status":"open","ping_status":"closed","template":"","meta":[],"product_cat":[144,134],"product_tag":[],"_links":{"self":[{"href":"https:\/\/www.livrariarema.com.br\/loja\/wp-json\/wp\/v2\/product\/331501"}],"collection":[{"href":"https:\/\/www.livrariarema.com.br\/loja\/wp-json\/wp\/v2\/product"}],"about":[{"href":"https:\/\/www.livrariarema.com.br\/loja\/wp-json\/wp\/v2\/types\/product"}],"replies":[{"embeddable":true,"href":"https:\/\/www.livrariarema.com.br\/loja\/wp-json\/wp\/v2\/comments?post=331501"}],"wp:featuredmedia":[{"embeddable":true,"href":"https:\/\/www.livrariarema.com.br\/loja\/wp-json\/wp\/v2\/media\/331500"}],"wp:attachment":[{"href":"https:\/\/www.livrariarema.com.br\/loja\/wp-json\/wp\/v2\/media?parent=331501"}],"wp:term":[{"taxonomy":"product_cat","embeddable":true,"href":"https:\/\/www.livrariarema.com.br\/loja\/wp-json\/wp\/v2\/product_cat?post=331501"},{"taxonomy":"product_tag","embeddable":true,"href":"https:\/\/www.livrariarema.com.br\/loja\/wp-json\/wp\/v2\/product_tag?post=331501"}],"curies":[{"name":"wp","href":"https:\/\/api.w.org\/{rel}","templated":true}]}}