{"id":331507,"date":"2025-05-23T14:51:29","date_gmt":"2025-05-23T17:51:29","guid":{"rendered":"https:\/\/www.livrariarema.com.br\/loja\/produtos\/sem categoria\/250-adesivos-criando-historias-meninas\/"},"modified":"2026-04-10T16:52:59","modified_gmt":"2026-04-10T19:52:59","slug":"250-adesivos-criando-historias-meninas","status":"publish","type":"product","link":"https:\/\/www.livrariarema.com.br\/loja\/produtos\/livros\/infantil\/250-adesivos-criando-historias-meninas\/","title":{"rendered":"250 Adesivos &#8211; Criando Hist\u00f3rias: Meninas"},"content":{"rendered":"<p>Com 250 adesivos e cen\u00e1rios diversos para a crian\u00e7a soltar a imagina\u00e7\u00e3o e criar suas pr\u00f3prias hist\u00f3rias, este livro estimula a imagina\u00e7\u00e3o, coordena\u00e7\u00e3o motora e criatividade das crian\u00e7as, al\u00e9m de promover momentos divertidos em fam\u00edlia.<\/p>\n","protected":false},"excerpt":{"rendered":"<p>Com 250 adesivos e cen\u00e1rios diversos para a crian\u00e7a soltar a imagina\u00e7\u00e3o e criar suas pr\u00f3prias hist\u00f3rias, este livro estimula&hellip;<\/p>\n","protected":false},"featured_media":344456,"comment_status":"open","ping_status":"closed","template":"","meta":[],"product_cat":[144,134],"product_tag":[],"_links":{"self":[{"href":"https:\/\/www.livrariarema.com.br\/loja\/wp-json\/wp\/v2\/product\/331507"}],"collection":[{"href":"https:\/\/www.livrariarema.com.br\/loja\/wp-json\/wp\/v2\/product"}],"about":[{"href":"https:\/\/www.livrariarema.com.br\/loja\/wp-json\/wp\/v2\/types\/product"}],"replies":[{"embeddable":true,"href":"https:\/\/www.livrariarema.com.br\/loja\/wp-json\/wp\/v2\/comments?post=331507"}],"wp:featuredmedia":[{"embeddable":true,"href":"https:\/\/www.livrariarema.com.br\/loja\/wp-json\/wp\/v2\/media\/344456"}],"wp:attachment":[{"href":"https:\/\/www.livrariarema.com.br\/loja\/wp-json\/wp\/v2\/media?parent=331507"}],"wp:term":[{"taxonomy":"product_cat","embeddable":true,"href":"https:\/\/www.livrariarema.com.br\/loja\/wp-json\/wp\/v2\/product_cat?post=331507"},{"taxonomy":"product_tag","embeddable":true,"href":"https:\/\/www.livrariarema.com.br\/loja\/wp-json\/wp\/v2\/product_tag?post=331507"}],"curies":[{"name":"wp","href":"https:\/\/api.w.org\/{rel}","templated":true}]}}