{"id":331511,"date":"2025-05-23T14:51:48","date_gmt":"2025-05-23T17:51:48","guid":{"rendered":"https:\/\/www.livrariarema.com.br\/loja\/produtos\/sem categoria\/historias-ilustradas-da-biblia\/"},"modified":"2026-03-31T14:10:40","modified_gmt":"2026-03-31T17:10:40","slug":"historias-ilustradas-da-biblia","status":"publish","type":"product","link":"https:\/\/www.livrariarema.com.br\/loja\/produtos\/livros\/infantil\/historias-ilustradas-da-biblia\/","title":{"rendered":"Hist\u00f3rias Ilustradas Da B\u00edblia"},"content":{"rendered":"<p>Especialmente adaptadas em linguagem simples, as mais belas hist\u00f3rias da B\u00edblia, do antigo ao novo testamento, est\u00e3o aqui reunidas. Hist\u00f3rias como Daniel na cova dos le\u00f5es e de Jesus, desde seu nascimento at\u00e9 sua ressurrei\u00e7\u00e3o, bem como as maravilhosas par\u00e1bolas que ele contou, os milagres que realizou e as boas-novas que trouxe para cada um de n\u00f3s. Totalmente ilustrado, este \u00e9 um livro para ser compartilhado e lido, tamb\u00e9m, em voz alta. Certamente, uma extraordin\u00e1ria introdu\u00e7\u00e3o \u00e0 palavra de Deus.<\/p>\n","protected":false},"excerpt":{"rendered":"<p>Especialmente adaptadas em linguagem simples, as mais belas hist\u00f3rias da B\u00edblia, do antigo ao novo testamento, est\u00e3o aqui reunidas. Hist\u00f3rias&hellip;<\/p>\n","protected":false},"featured_media":331510,"comment_status":"open","ping_status":"closed","template":"","meta":[],"product_cat":[144,134],"product_tag":[],"_links":{"self":[{"href":"https:\/\/www.livrariarema.com.br\/loja\/wp-json\/wp\/v2\/product\/331511"}],"collection":[{"href":"https:\/\/www.livrariarema.com.br\/loja\/wp-json\/wp\/v2\/product"}],"about":[{"href":"https:\/\/www.livrariarema.com.br\/loja\/wp-json\/wp\/v2\/types\/product"}],"replies":[{"embeddable":true,"href":"https:\/\/www.livrariarema.com.br\/loja\/wp-json\/wp\/v2\/comments?post=331511"}],"wp:featuredmedia":[{"embeddable":true,"href":"https:\/\/www.livrariarema.com.br\/loja\/wp-json\/wp\/v2\/media\/331510"}],"wp:attachment":[{"href":"https:\/\/www.livrariarema.com.br\/loja\/wp-json\/wp\/v2\/media?parent=331511"}],"wp:term":[{"taxonomy":"product_cat","embeddable":true,"href":"https:\/\/www.livrariarema.com.br\/loja\/wp-json\/wp\/v2\/product_cat?post=331511"},{"taxonomy":"product_tag","embeddable":true,"href":"https:\/\/www.livrariarema.com.br\/loja\/wp-json\/wp\/v2\/product_tag?post=331511"}],"curies":[{"name":"wp","href":"https:\/\/api.w.org\/{rel}","templated":true}]}}