{"id":331527,"date":"2025-05-23T14:53:16","date_gmt":"2025-05-23T17:53:16","guid":{"rendered":"https:\/\/www.livrariarema.com.br\/loja\/produtos\/sem categoria\/maravilhas-biblicas-livro-sonoro-a-arca-de-noe\/"},"modified":"2026-02-11T14:26:58","modified_gmt":"2026-02-11T17:26:58","slug":"maravilhas-biblicas-livro-sonoro-a-arca-de-noe","status":"publish","type":"product","link":"https:\/\/www.livrariarema.com.br\/loja\/produtos\/livros\/infantil\/maravilhas-biblicas-livro-sonoro-a-arca-de-noe\/","title":{"rendered":"Maravilhas B\u00edblicas &#8211; Livro Sonoro: A Arca De No\u00e9"},"content":{"rendered":"<p>Com 10 m\u00f3dulos sonoros, este livro narra a hist\u00f3ria da Arca de No\u00e9 de forma l\u00fadica, despertando a imagina\u00e7\u00e3o e transmitindo valores crist\u00e3os, como amor ao pr\u00f3ximo e aos ensinamentos divinos.<\/p>\n","protected":false},"excerpt":{"rendered":"<p>Com 10 m\u00f3dulos sonoros, este livro narra a hist\u00f3ria da Arca de No\u00e9 de forma l\u00fadica, despertando a imagina\u00e7\u00e3o e&hellip;<\/p>\n","protected":false},"featured_media":344467,"comment_status":"open","ping_status":"closed","template":"","meta":[],"product_cat":[144,134],"product_tag":[],"_links":{"self":[{"href":"https:\/\/www.livrariarema.com.br\/loja\/wp-json\/wp\/v2\/product\/331527"}],"collection":[{"href":"https:\/\/www.livrariarema.com.br\/loja\/wp-json\/wp\/v2\/product"}],"about":[{"href":"https:\/\/www.livrariarema.com.br\/loja\/wp-json\/wp\/v2\/types\/product"}],"replies":[{"embeddable":true,"href":"https:\/\/www.livrariarema.com.br\/loja\/wp-json\/wp\/v2\/comments?post=331527"}],"wp:featuredmedia":[{"embeddable":true,"href":"https:\/\/www.livrariarema.com.br\/loja\/wp-json\/wp\/v2\/media\/344467"}],"wp:attachment":[{"href":"https:\/\/www.livrariarema.com.br\/loja\/wp-json\/wp\/v2\/media?parent=331527"}],"wp:term":[{"taxonomy":"product_cat","embeddable":true,"href":"https:\/\/www.livrariarema.com.br\/loja\/wp-json\/wp\/v2\/product_cat?post=331527"},{"taxonomy":"product_tag","embeddable":true,"href":"https:\/\/www.livrariarema.com.br\/loja\/wp-json\/wp\/v2\/product_tag?post=331527"}],"curies":[{"name":"wp","href":"https:\/\/api.w.org\/{rel}","templated":true}]}}