{"id":331559,"date":"2025-05-23T15:04:09","date_gmt":"2025-05-23T18:04:09","guid":{"rendered":"https:\/\/www.livrariarema.com.br\/loja\/produtos\/sem categoria\/livro-sonoro-historias-da-biblia-moises-no-egito\/"},"modified":"2026-04-02T15:40:59","modified_gmt":"2026-04-02T18:40:59","slug":"livro-sonoro-historias-da-biblia-moises-no-egito","status":"publish","type":"product","link":"https:\/\/www.livrariarema.com.br\/loja\/produtos\/livros\/infantil\/livro-sonoro-historias-da-biblia-moises-no-egito\/","title":{"rendered":"Livro Sonoro &#8211; Hist\u00f3rias Da B\u00edblia &#8211; Mois\u00e9s No Egito"},"content":{"rendered":"<p>COM HIST\u00d3RIA NARRADA. D\u00ea vida \u00e0 narrativas b\u00edblicas emocionantes com esta cole\u00e7\u00e3o interativa. Leia cada p\u00e1gina e aprecie as ilustra\u00e7\u00f5es. Depois, aperte os bot\u00f5es e ou\u00e7a.<\/p>\n","protected":false},"excerpt":{"rendered":"<p>COM HIST\u00d3RIA NARRADA. D\u00ea vida \u00e0 narrativas b\u00edblicas emocionantes com esta cole\u00e7\u00e3o interativa. Leia cada p\u00e1gina e aprecie as ilustra\u00e7\u00f5es.&hellip;<\/p>\n","protected":false},"featured_media":331558,"comment_status":"open","ping_status":"closed","template":"","meta":[],"product_cat":[144,134],"product_tag":[],"_links":{"self":[{"href":"https:\/\/www.livrariarema.com.br\/loja\/wp-json\/wp\/v2\/product\/331559"}],"collection":[{"href":"https:\/\/www.livrariarema.com.br\/loja\/wp-json\/wp\/v2\/product"}],"about":[{"href":"https:\/\/www.livrariarema.com.br\/loja\/wp-json\/wp\/v2\/types\/product"}],"replies":[{"embeddable":true,"href":"https:\/\/www.livrariarema.com.br\/loja\/wp-json\/wp\/v2\/comments?post=331559"}],"wp:featuredmedia":[{"embeddable":true,"href":"https:\/\/www.livrariarema.com.br\/loja\/wp-json\/wp\/v2\/media\/331558"}],"wp:attachment":[{"href":"https:\/\/www.livrariarema.com.br\/loja\/wp-json\/wp\/v2\/media?parent=331559"}],"wp:term":[{"taxonomy":"product_cat","embeddable":true,"href":"https:\/\/www.livrariarema.com.br\/loja\/wp-json\/wp\/v2\/product_cat?post=331559"},{"taxonomy":"product_tag","embeddable":true,"href":"https:\/\/www.livrariarema.com.br\/loja\/wp-json\/wp\/v2\/product_tag?post=331559"}],"curies":[{"name":"wp","href":"https:\/\/api.w.org\/{rel}","templated":true}]}}