{"id":331570,"date":"2025-05-23T15:06:32","date_gmt":"2025-05-23T18:06:32","guid":{"rendered":"https:\/\/www.livrariarema.com.br\/loja\/produtos\/sem categoria\/historias-biblicas-favoritas-a-arca-de-noe\/"},"modified":"2026-02-28T11:36:55","modified_gmt":"2026-02-28T14:36:55","slug":"historias-biblicas-favoritas-a-arca-de-noe","status":"publish","type":"product","link":"https:\/\/www.livrariarema.com.br\/loja\/produtos\/livros\/infantil\/historias-biblicas-favoritas-a-arca-de-noe\/","title":{"rendered":"Hist\u00f3rias B\u00edblicas Favoritas &#8211; A Arca De No\u00e9"},"content":{"rendered":"<p>Os mais importantes e conhecidos personagens da B\u00edblia est\u00e3o presentes nesta fascinante cole\u00e7\u00e3o. Com lindas ilustra\u00e7\u00f5es e com linguagem simples e envolvente, estas maravilhosas hist\u00f3rias ajudam a formar os primeiros valores espirituais na crian\u00e7a. No\u00e9 era bom e Deus disse a ele para construir uma arca para salv\u00e1-lo, juntamente com sua fam\u00edlia e diversos animais, da cat\u00e1strofe do dil\u00favio que sobreviria sobre a Terra, porque as pessoas haviam se tronado muito m\u00e1s.<\/p>\n","protected":false},"excerpt":{"rendered":"<p>Os mais importantes e conhecidos personagens da B\u00edblia est\u00e3o presentes nesta fascinante cole\u00e7\u00e3o. Com lindas ilustra\u00e7\u00f5es e com linguagem simples&hellip;<\/p>\n","protected":false},"featured_media":331569,"comment_status":"open","ping_status":"closed","template":"","meta":[],"product_cat":[144,134],"product_tag":[],"_links":{"self":[{"href":"https:\/\/www.livrariarema.com.br\/loja\/wp-json\/wp\/v2\/product\/331570"}],"collection":[{"href":"https:\/\/www.livrariarema.com.br\/loja\/wp-json\/wp\/v2\/product"}],"about":[{"href":"https:\/\/www.livrariarema.com.br\/loja\/wp-json\/wp\/v2\/types\/product"}],"replies":[{"embeddable":true,"href":"https:\/\/www.livrariarema.com.br\/loja\/wp-json\/wp\/v2\/comments?post=331570"}],"wp:featuredmedia":[{"embeddable":true,"href":"https:\/\/www.livrariarema.com.br\/loja\/wp-json\/wp\/v2\/media\/331569"}],"wp:attachment":[{"href":"https:\/\/www.livrariarema.com.br\/loja\/wp-json\/wp\/v2\/media?parent=331570"}],"wp:term":[{"taxonomy":"product_cat","embeddable":true,"href":"https:\/\/www.livrariarema.com.br\/loja\/wp-json\/wp\/v2\/product_cat?post=331570"},{"taxonomy":"product_tag","embeddable":true,"href":"https:\/\/www.livrariarema.com.br\/loja\/wp-json\/wp\/v2\/product_tag?post=331570"}],"curies":[{"name":"wp","href":"https:\/\/api.w.org\/{rel}","templated":true}]}}