{"id":331613,"date":"2025-05-23T15:40:47","date_gmt":"2025-05-23T18:40:47","guid":{"rendered":"https:\/\/www.livrariarema.com.br\/loja\/produtos\/sem categoria\/amigos-de-feltro-ola-fazenda\/"},"modified":"2026-04-24T17:43:03","modified_gmt":"2026-04-24T20:43:03","slug":"amigos-de-feltro-ola-fazenda","status":"publish","type":"product","link":"https:\/\/www.livrariarema.com.br\/loja\/produtos\/livros\/infantil\/amigos-de-feltro-ola-fazenda\/","title":{"rendered":"Amigos De Feltro &#8211; Ola, Fazenda!"},"content":{"rendered":"<p>Um livro de conceito inovador, com personagens em feltro, macios e felpudos! As crian\u00e7as v\u00e3o adorar combinar as pe\u00e7as \u00e0s cenas e aprender coisas incr\u00edveis sobre a vida na fazenda!<\/p>\n","protected":false},"excerpt":{"rendered":"<p>Um livro de conceito inovador, com personagens em feltro, macios e felpudos! As crian\u00e7as v\u00e3o adorar combinar as pe\u00e7as \u00e0s&hellip;<\/p>\n","protected":false},"featured_media":344378,"comment_status":"open","ping_status":"closed","template":"","meta":[],"product_cat":[144,134],"product_tag":[],"_links":{"self":[{"href":"https:\/\/www.livrariarema.com.br\/loja\/wp-json\/wp\/v2\/product\/331613"}],"collection":[{"href":"https:\/\/www.livrariarema.com.br\/loja\/wp-json\/wp\/v2\/product"}],"about":[{"href":"https:\/\/www.livrariarema.com.br\/loja\/wp-json\/wp\/v2\/types\/product"}],"replies":[{"embeddable":true,"href":"https:\/\/www.livrariarema.com.br\/loja\/wp-json\/wp\/v2\/comments?post=331613"}],"wp:featuredmedia":[{"embeddable":true,"href":"https:\/\/www.livrariarema.com.br\/loja\/wp-json\/wp\/v2\/media\/344378"}],"wp:attachment":[{"href":"https:\/\/www.livrariarema.com.br\/loja\/wp-json\/wp\/v2\/media?parent=331613"}],"wp:term":[{"taxonomy":"product_cat","embeddable":true,"href":"https:\/\/www.livrariarema.com.br\/loja\/wp-json\/wp\/v2\/product_cat?post=331613"},{"taxonomy":"product_tag","embeddable":true,"href":"https:\/\/www.livrariarema.com.br\/loja\/wp-json\/wp\/v2\/product_tag?post=331613"}],"curies":[{"name":"wp","href":"https:\/\/api.w.org\/{rel}","templated":true}]}}