{"id":331623,"date":"2025-05-23T15:41:31","date_gmt":"2025-05-23T18:41:31","guid":{"rendered":"https:\/\/www.livrariarema.com.br\/loja\/produtos\/sem categoria\/livro-de-banho-livro-biblico-de-banho-jonas-e-o-grande-peixe\/"},"modified":"2026-02-18T13:10:49","modified_gmt":"2026-02-18T16:10:49","slug":"livro-de-banho-livro-biblico-de-banho-jonas-e-o-grande-peixe","status":"publish","type":"product","link":"https:\/\/www.livrariarema.com.br\/loja\/produtos\/livros\/infantil\/livro-de-banho-livro-biblico-de-banho-jonas-e-o-grande-peixe\/","title":{"rendered":"Livro De Banho &#8211; Livro Biblico De Banho: Jonas E O Grande Peixe"},"content":{"rendered":"<p>Com textos rimados, esta \u00e9 uma introdu\u00e7\u00e3o envolvente ou maravilhoso mundo b\u00edblico. Um verdadeiro tesouro para a hora do banho.<\/p>\n","protected":false},"excerpt":{"rendered":"<p>Com textos rimados, esta \u00e9 uma introdu\u00e7\u00e3o envolvente ou maravilhoso mundo b\u00edblico. Um verdadeiro tesouro para a hora do banho.<\/p>\n","protected":false},"featured_media":344470,"comment_status":"open","ping_status":"closed","template":"","meta":[],"product_cat":[144,134],"product_tag":[],"_links":{"self":[{"href":"https:\/\/www.livrariarema.com.br\/loja\/wp-json\/wp\/v2\/product\/331623"}],"collection":[{"href":"https:\/\/www.livrariarema.com.br\/loja\/wp-json\/wp\/v2\/product"}],"about":[{"href":"https:\/\/www.livrariarema.com.br\/loja\/wp-json\/wp\/v2\/types\/product"}],"replies":[{"embeddable":true,"href":"https:\/\/www.livrariarema.com.br\/loja\/wp-json\/wp\/v2\/comments?post=331623"}],"wp:featuredmedia":[{"embeddable":true,"href":"https:\/\/www.livrariarema.com.br\/loja\/wp-json\/wp\/v2\/media\/344470"}],"wp:attachment":[{"href":"https:\/\/www.livrariarema.com.br\/loja\/wp-json\/wp\/v2\/media?parent=331623"}],"wp:term":[{"taxonomy":"product_cat","embeddable":true,"href":"https:\/\/www.livrariarema.com.br\/loja\/wp-json\/wp\/v2\/product_cat?post=331623"},{"taxonomy":"product_tag","embeddable":true,"href":"https:\/\/www.livrariarema.com.br\/loja\/wp-json\/wp\/v2\/product_tag?post=331623"}],"curies":[{"name":"wp","href":"https:\/\/api.w.org\/{rel}","templated":true}]}}