{"id":331625,"date":"2025-05-23T15:41:41","date_gmt":"2025-05-23T18:41:41","guid":{"rendered":"https:\/\/www.livrariarema.com.br\/loja\/produtos\/sem categoria\/livro-de-banho-livro-biblico-de-banho-moises\/"},"modified":"2026-02-11T14:27:20","modified_gmt":"2026-02-11T17:27:20","slug":"livro-de-banho-livro-biblico-de-banho-moises","status":"publish","type":"product","link":"https:\/\/www.livrariarema.com.br\/loja\/produtos\/livros\/infantil\/livro-de-banho-livro-biblico-de-banho-moises\/","title":{"rendered":"Livro De Banho &#8211; Livro Biblico De Banho: Mois\u00e9s"},"content":{"rendered":"<p>Com textos rimados, esta \u00e9 uma introdu\u00e7\u00e3o envolvente ou maravilhoso mundo b\u00edblico. Um verdadeiro tesouro para a hora do banho.<\/p>\n","protected":false},"excerpt":{"rendered":"<p>Com textos rimados, esta \u00e9 uma introdu\u00e7\u00e3o envolvente ou maravilhoso mundo b\u00edblico. Um verdadeiro tesouro para a hora do banho.<\/p>\n","protected":false},"featured_media":344471,"comment_status":"open","ping_status":"closed","template":"","meta":[],"product_cat":[144,134],"product_tag":[],"_links":{"self":[{"href":"https:\/\/www.livrariarema.com.br\/loja\/wp-json\/wp\/v2\/product\/331625"}],"collection":[{"href":"https:\/\/www.livrariarema.com.br\/loja\/wp-json\/wp\/v2\/product"}],"about":[{"href":"https:\/\/www.livrariarema.com.br\/loja\/wp-json\/wp\/v2\/types\/product"}],"replies":[{"embeddable":true,"href":"https:\/\/www.livrariarema.com.br\/loja\/wp-json\/wp\/v2\/comments?post=331625"}],"wp:featuredmedia":[{"embeddable":true,"href":"https:\/\/www.livrariarema.com.br\/loja\/wp-json\/wp\/v2\/media\/344471"}],"wp:attachment":[{"href":"https:\/\/www.livrariarema.com.br\/loja\/wp-json\/wp\/v2\/media?parent=331625"}],"wp:term":[{"taxonomy":"product_cat","embeddable":true,"href":"https:\/\/www.livrariarema.com.br\/loja\/wp-json\/wp\/v2\/product_cat?post=331625"},{"taxonomy":"product_tag","embeddable":true,"href":"https:\/\/www.livrariarema.com.br\/loja\/wp-json\/wp\/v2\/product_tag?post=331625"}],"curies":[{"name":"wp","href":"https:\/\/api.w.org\/{rel}","templated":true}]}}