{"id":331627,"date":"2025-05-23T15:41:50","date_gmt":"2025-05-23T18:41:50","guid":{"rendered":"https:\/\/www.livrariarema.com.br\/loja\/produtos\/sem categoria\/livro-de-banho-livro-biblico-de-banho-nascimento-de-jesus\/"},"modified":"2026-04-11T11:51:02","modified_gmt":"2026-04-11T14:51:02","slug":"livro-de-banho-livro-biblico-de-banho-nascimento-de-jesus","status":"publish","type":"product","link":"https:\/\/www.livrariarema.com.br\/loja\/produtos\/livros\/infantil\/livro-de-banho-livro-biblico-de-banho-nascimento-de-jesus\/","title":{"rendered":"Livro De Banho &#8211; Livro B\u00edblico De Banho: Nascimento De Jesus"},"content":{"rendered":"<p>Com textos rimados, esta \u00e9 uma introdu\u00e7\u00e3o envolvente ou maravilhoso mundo b\u00edblico. Um verdadeiro tesouro para a hora do banho.<\/p>\n","protected":false},"excerpt":{"rendered":"<p>Com textos rimados, esta \u00e9 uma introdu\u00e7\u00e3o envolvente ou maravilhoso mundo b\u00edblico. Um verdadeiro tesouro para a hora do banho.<\/p>\n","protected":false},"featured_media":344472,"comment_status":"open","ping_status":"closed","template":"","meta":[],"product_cat":[144,134],"product_tag":[],"_links":{"self":[{"href":"https:\/\/www.livrariarema.com.br\/loja\/wp-json\/wp\/v2\/product\/331627"}],"collection":[{"href":"https:\/\/www.livrariarema.com.br\/loja\/wp-json\/wp\/v2\/product"}],"about":[{"href":"https:\/\/www.livrariarema.com.br\/loja\/wp-json\/wp\/v2\/types\/product"}],"replies":[{"embeddable":true,"href":"https:\/\/www.livrariarema.com.br\/loja\/wp-json\/wp\/v2\/comments?post=331627"}],"wp:featuredmedia":[{"embeddable":true,"href":"https:\/\/www.livrariarema.com.br\/loja\/wp-json\/wp\/v2\/media\/344472"}],"wp:attachment":[{"href":"https:\/\/www.livrariarema.com.br\/loja\/wp-json\/wp\/v2\/media?parent=331627"}],"wp:term":[{"taxonomy":"product_cat","embeddable":true,"href":"https:\/\/www.livrariarema.com.br\/loja\/wp-json\/wp\/v2\/product_cat?post=331627"},{"taxonomy":"product_tag","embeddable":true,"href":"https:\/\/www.livrariarema.com.br\/loja\/wp-json\/wp\/v2\/product_tag?post=331627"}],"curies":[{"name":"wp","href":"https:\/\/api.w.org\/{rel}","templated":true}]}}