{"id":331677,"date":"2025-05-23T15:46:07","date_gmt":"2025-05-23T18:46:07","guid":{"rendered":"https:\/\/www.livrariarema.com.br\/loja\/produtos\/sem categoria\/meu-livro-e-um-barato-fazenda\/"},"modified":"2026-04-08T11:57:05","modified_gmt":"2026-04-08T14:57:05","slug":"meu-livro-e-um-barato-fazenda","status":"publish","type":"product","link":"https:\/\/www.livrariarema.com.br\/loja\/produtos\/livros\/infantil\/meu-livro-e-um-barato-fazenda\/","title":{"rendered":"Meu Livro E Um Barato! &#8211; Fazenda"},"content":{"rendered":"<p>Envolva a criatividade da crian\u00e7a neste ador\u00e1vel livro para relaxar e se inspirar com lindas ilustra\u00e7\u00f5es de fundo do mar. Divirta-se colando adesivos e colorindo!<\/p>\n","protected":false},"excerpt":{"rendered":"<p>Envolva a criatividade da crian\u00e7a neste ador\u00e1vel livro para relaxar e se inspirar com lindas ilustra\u00e7\u00f5es de fundo do mar.&hellip;<\/p>\n","protected":false},"featured_media":331676,"comment_status":"open","ping_status":"closed","template":"","meta":[],"product_cat":[144,134],"product_tag":[],"_links":{"self":[{"href":"https:\/\/www.livrariarema.com.br\/loja\/wp-json\/wp\/v2\/product\/331677"}],"collection":[{"href":"https:\/\/www.livrariarema.com.br\/loja\/wp-json\/wp\/v2\/product"}],"about":[{"href":"https:\/\/www.livrariarema.com.br\/loja\/wp-json\/wp\/v2\/types\/product"}],"replies":[{"embeddable":true,"href":"https:\/\/www.livrariarema.com.br\/loja\/wp-json\/wp\/v2\/comments?post=331677"}],"wp:featuredmedia":[{"embeddable":true,"href":"https:\/\/www.livrariarema.com.br\/loja\/wp-json\/wp\/v2\/media\/331676"}],"wp:attachment":[{"href":"https:\/\/www.livrariarema.com.br\/loja\/wp-json\/wp\/v2\/media?parent=331677"}],"wp:term":[{"taxonomy":"product_cat","embeddable":true,"href":"https:\/\/www.livrariarema.com.br\/loja\/wp-json\/wp\/v2\/product_cat?post=331677"},{"taxonomy":"product_tag","embeddable":true,"href":"https:\/\/www.livrariarema.com.br\/loja\/wp-json\/wp\/v2\/product_tag?post=331677"}],"curies":[{"name":"wp","href":"https:\/\/api.w.org\/{rel}","templated":true}]}}