{"id":331679,"date":"2025-05-23T15:46:13","date_gmt":"2025-05-23T18:46:13","guid":{"rendered":"https:\/\/www.livrariarema.com.br\/loja\/produtos\/sem categoria\/meu-livro-e-um-barato-animais-selvagens\/"},"modified":"2025-11-10T12:40:36","modified_gmt":"2025-11-10T15:40:36","slug":"meu-livro-e-um-barato-animais-selvagens","status":"publish","type":"product","link":"https:\/\/www.livrariarema.com.br\/loja\/produtos\/livros\/infantil\/meu-livro-e-um-barato-animais-selvagens\/","title":{"rendered":"Meu Livro E Um Barato! &#8211; Animais Selvagens"},"content":{"rendered":"<p>Envolva a criatividade da crian\u00e7a neste ador\u00e1vel livro para relaxar e se inspirar com lindas ilustra\u00e7\u00f5es de animais da selva. Divirta-se colando adesivos e colorindo!<\/p>\n","protected":false},"excerpt":{"rendered":"<p>Envolva a criatividade da crian\u00e7a neste ador\u00e1vel livro para relaxar e se inspirar com lindas ilustra\u00e7\u00f5es de animais da selva.&hellip;<\/p>\n","protected":false},"featured_media":331678,"comment_status":"open","ping_status":"closed","template":"","meta":[],"product_cat":[144,134],"product_tag":[],"_links":{"self":[{"href":"https:\/\/www.livrariarema.com.br\/loja\/wp-json\/wp\/v2\/product\/331679"}],"collection":[{"href":"https:\/\/www.livrariarema.com.br\/loja\/wp-json\/wp\/v2\/product"}],"about":[{"href":"https:\/\/www.livrariarema.com.br\/loja\/wp-json\/wp\/v2\/types\/product"}],"replies":[{"embeddable":true,"href":"https:\/\/www.livrariarema.com.br\/loja\/wp-json\/wp\/v2\/comments?post=331679"}],"wp:featuredmedia":[{"embeddable":true,"href":"https:\/\/www.livrariarema.com.br\/loja\/wp-json\/wp\/v2\/media\/331678"}],"wp:attachment":[{"href":"https:\/\/www.livrariarema.com.br\/loja\/wp-json\/wp\/v2\/media?parent=331679"}],"wp:term":[{"taxonomy":"product_cat","embeddable":true,"href":"https:\/\/www.livrariarema.com.br\/loja\/wp-json\/wp\/v2\/product_cat?post=331679"},{"taxonomy":"product_tag","embeddable":true,"href":"https:\/\/www.livrariarema.com.br\/loja\/wp-json\/wp\/v2\/product_tag?post=331679"}],"curies":[{"name":"wp","href":"https:\/\/api.w.org\/{rel}","templated":true}]}}