{"id":331683,"date":"2025-05-23T15:46:33","date_gmt":"2025-05-23T18:46:33","guid":{"rendered":"https:\/\/www.livrariarema.com.br\/loja\/produtos\/sem categoria\/livro-de-artesanato-criativo-pato\/"},"modified":"2025-05-23T15:46:33","modified_gmt":"2025-05-23T18:46:33","slug":"livro-de-artesanato-criativo-pato","status":"publish","type":"product","link":"https:\/\/www.livrariarema.com.br\/loja\/produtos\/livros\/infantil\/livro-de-artesanato-criativo-pato\/","title":{"rendered":"Livro De Artesanato Criativo: Pato"},"content":{"rendered":"<p>Fa\u00e7a voc\u00ea mesmo os mais fofinhos e encantadores bichinhos, com a cole\u00e7\u00e3o livro de artesanato Criativo! Itens do kit: &#8211; Livro de Artesanato &#8211; Linha &#8211; Feltro &#8211; Enchimento de Fibra &#8211; Tecido de Plush<\/p>\n","protected":false},"excerpt":{"rendered":"<p>Fa\u00e7a voc\u00ea mesmo os mais fofinhos e encantadores bichinhos, com a cole\u00e7\u00e3o livro de artesanato Criativo! Itens do kit: &#8211;&hellip;<\/p>\n","protected":false},"featured_media":331682,"comment_status":"open","ping_status":"closed","template":"","meta":[],"product_cat":[144,134],"product_tag":[],"_links":{"self":[{"href":"https:\/\/www.livrariarema.com.br\/loja\/wp-json\/wp\/v2\/product\/331683"}],"collection":[{"href":"https:\/\/www.livrariarema.com.br\/loja\/wp-json\/wp\/v2\/product"}],"about":[{"href":"https:\/\/www.livrariarema.com.br\/loja\/wp-json\/wp\/v2\/types\/product"}],"replies":[{"embeddable":true,"href":"https:\/\/www.livrariarema.com.br\/loja\/wp-json\/wp\/v2\/comments?post=331683"}],"wp:featuredmedia":[{"embeddable":true,"href":"https:\/\/www.livrariarema.com.br\/loja\/wp-json\/wp\/v2\/media\/331682"}],"wp:attachment":[{"href":"https:\/\/www.livrariarema.com.br\/loja\/wp-json\/wp\/v2\/media?parent=331683"}],"wp:term":[{"taxonomy":"product_cat","embeddable":true,"href":"https:\/\/www.livrariarema.com.br\/loja\/wp-json\/wp\/v2\/product_cat?post=331683"},{"taxonomy":"product_tag","embeddable":true,"href":"https:\/\/www.livrariarema.com.br\/loja\/wp-json\/wp\/v2\/product_tag?post=331683"}],"curies":[{"name":"wp","href":"https:\/\/api.w.org\/{rel}","templated":true}]}}