{"id":331727,"date":"2025-05-23T15:53:21","date_gmt":"2025-05-23T18:53:21","guid":{"rendered":"https:\/\/www.livrariarema.com.br\/loja\/produtos\/sem categoria\/biblia-sbn-para-a-crianca-ler-e-ouvir\/"},"modified":"2026-04-01T10:41:39","modified_gmt":"2026-04-01T13:41:39","slug":"biblia-sbn-para-a-crianca-ler-e-ouvir","status":"publish","type":"product","link":"https:\/\/www.livrariarema.com.br\/loja\/produtos\/livros\/infantil\/biblia-sbn-para-a-crianca-ler-e-ouvir\/","title":{"rendered":"Biblia Sbn Para A Crian\u00e7a &#8211; Ler E Ouvir"},"content":{"rendered":"<p>Este livro foi especialmente escrito para tocar a mente e o cora\u00e7\u00e3o. Em todas as p\u00e1ginas, h\u00e1 beleza e suavidade nas ilustra\u00e7\u00f5es para encantar o olhar e enternecer o esp\u00edrito. <br \/>\nDo Antigo Testamento \u00e0s palavras do Mestre Jesus, as hist\u00f3rias da B\u00edblia Sagrada s\u00e3o recontadas com sensibilidade e arte por meio de uma linguagem simples, para assim convidar, ao jovem leitor, conhecer, refletir e semear os valores espirituais do amor e da fraternidade.<\/p>\n","protected":false},"excerpt":{"rendered":"<p>Este livro foi especialmente escrito para tocar a mente e o cora\u00e7\u00e3o. Em todas as p\u00e1ginas, h\u00e1 beleza e suavidade&hellip;<\/p>\n","protected":false},"featured_media":344596,"comment_status":"open","ping_status":"closed","template":"","meta":[],"product_cat":[144,134],"product_tag":[],"_links":{"self":[{"href":"https:\/\/www.livrariarema.com.br\/loja\/wp-json\/wp\/v2\/product\/331727"}],"collection":[{"href":"https:\/\/www.livrariarema.com.br\/loja\/wp-json\/wp\/v2\/product"}],"about":[{"href":"https:\/\/www.livrariarema.com.br\/loja\/wp-json\/wp\/v2\/types\/product"}],"replies":[{"embeddable":true,"href":"https:\/\/www.livrariarema.com.br\/loja\/wp-json\/wp\/v2\/comments?post=331727"}],"wp:featuredmedia":[{"embeddable":true,"href":"https:\/\/www.livrariarema.com.br\/loja\/wp-json\/wp\/v2\/media\/344596"}],"wp:attachment":[{"href":"https:\/\/www.livrariarema.com.br\/loja\/wp-json\/wp\/v2\/media?parent=331727"}],"wp:term":[{"taxonomy":"product_cat","embeddable":true,"href":"https:\/\/www.livrariarema.com.br\/loja\/wp-json\/wp\/v2\/product_cat?post=331727"},{"taxonomy":"product_tag","embeddable":true,"href":"https:\/\/www.livrariarema.com.br\/loja\/wp-json\/wp\/v2\/product_tag?post=331727"}],"curies":[{"name":"wp","href":"https:\/\/api.w.org\/{rel}","templated":true}]}}