{"id":331774,"date":"2025-05-29T13:54:17","date_gmt":"2025-05-29T16:54:17","guid":{"rendered":"https:\/\/www.livrariarema.com.br\/loja\/produtos\/sem%20categoria\/15-licoes-para-criacao-de-filhos-david-e-carol-sue-merkh\/"},"modified":"2026-03-13T16:46:51","modified_gmt":"2026-03-13T19:46:51","slug":"15-licoes-para-criacao-de-filhos-david-e-carol-sue-merkh","status":"publish","type":"product","link":"https:\/\/www.livrariarema.com.br\/loja\/produtos\/livros\/educacao-crista\/15-licoes-para-criacao-de-filhos-david-e-carol-sue-merkh\/","title":{"rendered":"15 Li\u00e7\u00f5es Para Cria\u00e7\u00e3o De Filhos &#8211; David E Carol Sue Merkh"},"content":{"rendered":"<p>&#8220;15 Li\u00e7\u00f5es para Cria\u00e7\u00e3o de Filhos&#8221;, escrito por David Merkh, \u00e9 um guia essencial para pais que desejam assumir a responsabilidade de criar seus filhos com amor, sabedoria e valores crist\u00e3os em meio aos desafios dos tempos modernos.<\/p>\n<p>Este livro aborda profundamente quest\u00f5es cruciais da cria\u00e7\u00e3o de filhos em uma sociedade turbulenta. Merkh oferece uma vis\u00e3o renovada dos privil\u00e9gios e responsabilidades de ser pai, lembrando aos leitores que a miss\u00e3o de criar filhos \u00e9 uma b\u00ean\u00e7\u00e3o divina que n\u00e3o pode ser ignorada.<\/p>\n<p>&#8220;15 Li\u00e7\u00f5es para Cria\u00e7\u00e3o de Filhos&#8221; explora temas importantes, incluindo pastoreio no lar, crescimento espiritual, honra, ira, perd\u00e3o, di\u00e1logo, legado e amor. O autor ressalta a import\u00e2ncia de aplicar a sabedoria divina na educa\u00e7\u00e3o dos filhos, especialmente em um mundo repleto de influ\u00eancias negativas e perigos.<\/p>\n<p>Pais, m\u00e3es e respons\u00e1veis n\u00e3o podem permitir que seus filhos cres\u00e7am sem compreender o verdadeiro significado do amor, da obedi\u00eancia e da disciplina, fundamentais para a forma\u00e7\u00e3o do car\u00e1ter e para a constru\u00e7\u00e3o de um futuro onde a f\u00e9 crist\u00e3 possa ser transmitida de gera\u00e7\u00e3o em gera\u00e7\u00e3o.<\/p>\n<p>&#8220;15 Li\u00e7\u00f5es para Cria\u00e7\u00e3o de Filhos&#8221;, anteriormente publicado como &#8220;Mobiliando a Casa&#8221;, agora em sua 3\u00aa edi\u00e7\u00e3o, tem sido um recurso valioso para milhares de casais que desejam criar lares segundo a vontade de Deus. O m\u00e9todo altamente did\u00e1tico, b\u00edblico e pr\u00e1tico torna este livro adequado para classes de casais, minist\u00e9rios infantis e grupos pequenos.<\/p>\n<p>Se voc\u00ea \u00e9 pai, m\u00e3e ou respons\u00e1vel e busca orienta\u00e7\u00f5es s\u00f3lidas e inspiradoras sobre como criar filhos com base nos princ\u00edpios crist\u00e3os, &#8220;15 Li\u00e7\u00f5es para Cria\u00e7\u00e3o de Filhos&#8221; \u00e9 o guia perfeito. Este livro oferece insights profundos e pr\u00e1ticos para enfrentar os desafios da cria\u00e7\u00e3o de filhos com gra\u00e7a, amor e f\u00e9. Afinal, a forma\u00e7\u00e3o dos filhos \u00e9 uma das maiores responsabilidades e b\u00ean\u00e7\u00e3os que os pais podem receber.<\/p>\n","protected":false},"excerpt":{"rendered":"<p>&#8220;15 Li\u00e7\u00f5es para Cria\u00e7\u00e3o de Filhos&#8221;, escrito por David Merkh, \u00e9 um guia essencial para pais que desejam assumir a&hellip;<\/p>\n","protected":false},"featured_media":0,"comment_status":"open","ping_status":"closed","template":"","meta":[],"product_cat":[169,134],"product_tag":[],"_links":{"self":[{"href":"https:\/\/www.livrariarema.com.br\/loja\/wp-json\/wp\/v2\/product\/331774"}],"collection":[{"href":"https:\/\/www.livrariarema.com.br\/loja\/wp-json\/wp\/v2\/product"}],"about":[{"href":"https:\/\/www.livrariarema.com.br\/loja\/wp-json\/wp\/v2\/types\/product"}],"replies":[{"embeddable":true,"href":"https:\/\/www.livrariarema.com.br\/loja\/wp-json\/wp\/v2\/comments?post=331774"}],"wp:attachment":[{"href":"https:\/\/www.livrariarema.com.br\/loja\/wp-json\/wp\/v2\/media?parent=331774"}],"wp:term":[{"taxonomy":"product_cat","embeddable":true,"href":"https:\/\/www.livrariarema.com.br\/loja\/wp-json\/wp\/v2\/product_cat?post=331774"},{"taxonomy":"product_tag","embeddable":true,"href":"https:\/\/www.livrariarema.com.br\/loja\/wp-json\/wp\/v2\/product_tag?post=331774"}],"curies":[{"name":"wp","href":"https:\/\/api.w.org\/{rel}","templated":true}]}}