{"id":331816,"date":"2025-05-29T13:58:19","date_gmt":"2025-05-29T16:58:19","guid":{"rendered":"https:\/\/www.livrariarema.com.br\/loja\/produtos\/sem%20categoria\/mulheres-de-fe-lysa-terkeurst\/"},"modified":"2026-03-13T17:06:56","modified_gmt":"2026-03-13T20:06:56","slug":"mulheres-de-fe-lysa-terkeurst","status":"publish","type":"product","link":"https:\/\/www.livrariarema.com.br\/loja\/produtos\/livros\/mulher\/mulheres-de-fe-lysa-terkeurst\/","title":{"rendered":"Mulheres De F\u00e9 &#8211; Lysa Terkeurst"},"content":{"rendered":"<p>Voc\u00ea j\u00e1 imaginou o que pode acontecer quando uma mulher diz &#8220;sim&#8221; a Deus e caminha pela f\u00e9? Em Mulheres de f\u00e9, a premiad\u00edssima escritora Lysa TerKeurst convida voc\u00ea a experimentar uma rela\u00e7\u00e3o mais profunda e significativa com Deus.<\/p>\n<p>Neste livro, Lysa compartilha hist\u00f3rias reais, reflex\u00f5es poderosas e princ\u00edpios pr\u00e1ticos para ajudar voc\u00ea a ouvir a voz de Deus, superar os desafios da obedi\u00eancia e encontrar for\u00e7a em meio \u00e0s adversidades. Dividido em etapas de jornada, o livro explora como a f\u00e9 pode transformar seu cora\u00e7\u00e3o, sua mente e sua vida, permitindo que voc\u00ea viva os prop\u00f3sitos que Deus planejou especialmente para voc\u00ea.<\/p>\n<p>Descubra como:<\/p>\n<p>Dizer &#8220;sim&#8221; a Deus pode trazer clareza e dire\u00e7\u00e3o em meio \u00e0s incertezas.<br \/>\nCaminhar pela f\u00e9 abre portas para b\u00ean\u00e7\u00e3os al\u00e9m do imagin\u00e1vel.<br \/>\nViver de acordo com o plano divino proporciona alegria, paz e plenitude.<\/p>\n<p>Este livro \u00e9 um convite inspirador para que voc\u00ea abra seu cora\u00e7\u00e3o e permita que Deus a conduza a uma vida extraordin\u00e1ria. Se voc\u00ea deseja fortalecer sua f\u00e9, renovar sua esperan\u00e7a e encontrar o verdadeiro prop\u00f3sito de Deus para sua vida, esta \u00e9 a leitura que poder\u00e1 mudar seu relacionamento com Ele para sempre.<\/p>\n<p>Diga &#8220;sim&#8221; e comece hoje mesmo sua jornada rumo a uma vida de f\u00e9 inabal\u00e1vel!<\/p>\n","protected":false},"excerpt":{"rendered":"<p>Voc\u00ea j\u00e1 imaginou o que pode acontecer quando uma mulher diz &#8220;sim&#8221; a Deus e caminha pela f\u00e9? Em Mulheres&hellip;<\/p>\n","protected":false},"featured_media":346196,"comment_status":"open","ping_status":"closed","template":"","meta":[],"product_cat":[134,170],"product_tag":[],"_links":{"self":[{"href":"https:\/\/www.livrariarema.com.br\/loja\/wp-json\/wp\/v2\/product\/331816"}],"collection":[{"href":"https:\/\/www.livrariarema.com.br\/loja\/wp-json\/wp\/v2\/product"}],"about":[{"href":"https:\/\/www.livrariarema.com.br\/loja\/wp-json\/wp\/v2\/types\/product"}],"replies":[{"embeddable":true,"href":"https:\/\/www.livrariarema.com.br\/loja\/wp-json\/wp\/v2\/comments?post=331816"}],"wp:featuredmedia":[{"embeddable":true,"href":"https:\/\/www.livrariarema.com.br\/loja\/wp-json\/wp\/v2\/media\/346196"}],"wp:attachment":[{"href":"https:\/\/www.livrariarema.com.br\/loja\/wp-json\/wp\/v2\/media?parent=331816"}],"wp:term":[{"taxonomy":"product_cat","embeddable":true,"href":"https:\/\/www.livrariarema.com.br\/loja\/wp-json\/wp\/v2\/product_cat?post=331816"},{"taxonomy":"product_tag","embeddable":true,"href":"https:\/\/www.livrariarema.com.br\/loja\/wp-json\/wp\/v2\/product_tag?post=331816"}],"curies":[{"name":"wp","href":"https:\/\/api.w.org\/{rel}","templated":true}]}}