{"id":331818,"date":"2025-05-29T13:58:26","date_gmt":"2025-05-29T16:58:26","guid":{"rendered":"https:\/\/www.livrariarema.com.br\/loja\/produtos\/sem%20categoria\/casei-e-agora-david-merkh-e-ricardo-g-libaneo\/"},"modified":"2025-10-20T16:51:33","modified_gmt":"2025-10-20T19:51:33","slug":"casei-e-agora-david-merkh-e-ricardo-g-libaneo","status":"publish","type":"product","link":"https:\/\/www.livrariarema.com.br\/loja\/produtos\/livros\/casamento\/casei-e-agora-david-merkh-e-ricardo-g-libaneo\/","title":{"rendered":"Casei, E Agora? &#8211; David Merkh E Ricardo G. Libaneo"},"content":{"rendered":"<p>&#8211; Por que ele nunca fecha a pasta de dente?<br \/>\n&#8211; Por que ela precisa de tr\u00eas tipos diferentes de shampoo?<br \/>\n&#8211; Como ele sempre esquece onde guardou as meias?<br \/>\n&#8211; Por que ela reclama tanto quando n\u00e3o deixo as coisas no lugar?<br \/>\n&#8211; Ser\u00e1 que ele acha mesmo que toalha molhada seca sozinha?<br \/>\n&#8211; Ele acha que &#8216;depois eu fa\u00e7o&#8217; \u00e9 uma data v\u00e1lida no calend\u00e1rio?<br \/>\n&#8211; Precisamos mesmo de tanta DR?<\/p>\n<p>Os primeiros anos de casamento s\u00e3o cheios dessas e outras surpresas, mas tamb\u00e9m de oportunidades para criar um lar harmonioso e cheio de amor.<\/p>\n<p>Neste guia descontra\u00eddo e pr\u00e1tico, David Merkh e Ricardo Libaneo trazem conselhos que realmente funcionam para enfrentar desafios como finan\u00e7as, comunica\u00e7\u00e3o, diferen\u00e7as pessoais e at\u00e9 como dividir o controle remoto da TV! Tudo isso com uma abordagem que combina sabedoria b\u00edblica e humor na medida certa.<\/p>\n<p>Transforme as diferen\u00e7as em alicerces para um relacionamento s\u00f3lido, onde a gra\u00e7a e o amor de Deus sejam a base para um casamento feliz e duradouro. Afinal, viver a dois pode ser desafiador, mas com as dicas certas, \u00e9 tamb\u00e9m uma aventura incr\u00edvel!<\/p>\n","protected":false},"excerpt":{"rendered":"<p>&#8211; Por que ele nunca fecha a pasta de dente? &#8211; Por que ela precisa de tr\u00eas tipos diferentes de&hellip;<\/p>\n","protected":false},"featured_media":339597,"comment_status":"open","ping_status":"closed","template":"","meta":[],"product_cat":[155,134],"product_tag":[],"_links":{"self":[{"href":"https:\/\/www.livrariarema.com.br\/loja\/wp-json\/wp\/v2\/product\/331818"}],"collection":[{"href":"https:\/\/www.livrariarema.com.br\/loja\/wp-json\/wp\/v2\/product"}],"about":[{"href":"https:\/\/www.livrariarema.com.br\/loja\/wp-json\/wp\/v2\/types\/product"}],"replies":[{"embeddable":true,"href":"https:\/\/www.livrariarema.com.br\/loja\/wp-json\/wp\/v2\/comments?post=331818"}],"wp:featuredmedia":[{"embeddable":true,"href":"https:\/\/www.livrariarema.com.br\/loja\/wp-json\/wp\/v2\/media\/339597"}],"wp:attachment":[{"href":"https:\/\/www.livrariarema.com.br\/loja\/wp-json\/wp\/v2\/media?parent=331818"}],"wp:term":[{"taxonomy":"product_cat","embeddable":true,"href":"https:\/\/www.livrariarema.com.br\/loja\/wp-json\/wp\/v2\/product_cat?post=331818"},{"taxonomy":"product_tag","embeddable":true,"href":"https:\/\/www.livrariarema.com.br\/loja\/wp-json\/wp\/v2\/product_tag?post=331818"}],"curies":[{"name":"wp","href":"https:\/\/api.w.org\/{rel}","templated":true}]}}