{"id":331820,"date":"2025-05-29T13:58:30","date_gmt":"2025-05-29T16:58:30","guid":{"rendered":"https:\/\/www.livrariarema.com.br\/loja\/produtos\/sem%20categoria\/biblia-nvi-letra-grande-leao-grafite\/"},"modified":"2026-03-13T17:07:05","modified_gmt":"2026-03-13T20:07:05","slug":"biblia-nvi-letra-grande-leao-grafite","status":"publish","type":"product","link":"https:\/\/www.livrariarema.com.br\/loja\/produtos\/biblias\/nvi\/biblia-nvi-letra-grande-leao-grafite\/","title":{"rendered":"B\u00edblia Nvi &#8211; Letra Grande &#8211; Le\u00e3o Grafite"},"content":{"rendered":"<p>A B\u00edblia Sagrada &#8211; Nova Vers\u00e3o Internacional (NVI) &#8211; Letra Grande \u00e9 uma das tradu\u00e7\u00f5es mais modernas, acess\u00edveis e confi\u00e1veis da Palavra de Deus. Desenvolvida por especialistas em Antigo e Novo Testamento, a NVI se destaca por sua linguagem clara e fiel aos textos originais, tornando a leitura e o entendimento das Escrituras mais f\u00e1ceis para todos.<\/p>\n<p>Esta edi\u00e7\u00e3o especial vem com uma capa exclusiva &#8220;Le\u00e3o grafite&#8221;, um design marcante que simboliza for\u00e7a, majestade e a soberania de Cristo, o Le\u00e3o da Tribo de Jud\u00e1.<\/p>\n<p>Com um formato confort\u00e1vel de 16 cm x 23 cm, capa dura resistente e letra grande, esta B\u00edblia foi projetada para proporcionar uma experi\u00eancia de leitura fluida e agrad\u00e1vel, sendo ideal para devocionais, cultos, estudos b\u00edblicos e momentos di\u00e1rios com Deus.<\/p>\n<p>Diferenciais desta edi\u00e7\u00e3o:<br \/>\n&#8211; Tradu\u00e7\u00e3o Nova Vers\u00e3o Internacional (NVI) &#8211; Linguagem clara, moderna e fiel ao original.<br \/>\n&#8211; Letra Grande &#8211; Maior conforto visual para leitura prolongada.<br \/>\n&#8211; Plano de Leitura Anual &#8211; Para quem deseja ler a B\u00edblia inteira em um ano.<br \/>\n&#8211; Estudo: Sete Verdades Fundamentais &#8211; Reflex\u00f5es essenciais para fortalecer a f\u00e9.<br \/>\n&#8211; Fitilho marca-p\u00e1gina &#8211; Praticidade para manter sua leitura organizada.<br \/>\n&#8211; Capa dura exclusiva &#8220;Le\u00e3o Grafite&#8221; &#8211; Um design imponente, resistente e inspirador.<\/p>\n<p>Seja para fortalecer sua caminhada espiritual, aprofundar seus estudos b\u00edblicos ou presentear algu\u00e9m especial, esta edi\u00e7\u00e3o limitada da B\u00edblia NVI \u00e9 uma escolha incr\u00edvel e transformadora!<\/p>\n","protected":false},"excerpt":{"rendered":"<p>A B\u00edblia Sagrada &#8211; Nova Vers\u00e3o Internacional (NVI) &#8211; Letra Grande \u00e9 uma das tradu\u00e7\u00f5es mais modernas, acess\u00edveis e confi\u00e1veis&hellip;<\/p>\n","protected":false},"featured_media":346197,"comment_status":"open","ping_status":"closed","template":"","meta":[],"product_cat":[139,166],"product_tag":[],"_links":{"self":[{"href":"https:\/\/www.livrariarema.com.br\/loja\/wp-json\/wp\/v2\/product\/331820"}],"collection":[{"href":"https:\/\/www.livrariarema.com.br\/loja\/wp-json\/wp\/v2\/product"}],"about":[{"href":"https:\/\/www.livrariarema.com.br\/loja\/wp-json\/wp\/v2\/types\/product"}],"replies":[{"embeddable":true,"href":"https:\/\/www.livrariarema.com.br\/loja\/wp-json\/wp\/v2\/comments?post=331820"}],"wp:featuredmedia":[{"embeddable":true,"href":"https:\/\/www.livrariarema.com.br\/loja\/wp-json\/wp\/v2\/media\/346197"}],"wp:attachment":[{"href":"https:\/\/www.livrariarema.com.br\/loja\/wp-json\/wp\/v2\/media?parent=331820"}],"wp:term":[{"taxonomy":"product_cat","embeddable":true,"href":"https:\/\/www.livrariarema.com.br\/loja\/wp-json\/wp\/v2\/product_cat?post=331820"},{"taxonomy":"product_tag","embeddable":true,"href":"https:\/\/www.livrariarema.com.br\/loja\/wp-json\/wp\/v2\/product_tag?post=331820"}],"curies":[{"name":"wp","href":"https:\/\/api.w.org\/{rel}","templated":true}]}}